{"id":50208,"date":"2023-12-12T12:34:11","date_gmt":"2023-12-12T11:34:11","guid":{"rendered":"https:\/\/pet-shopping.de\/shop\/produkt\/trixie-gehhilfe-m\/"},"modified":"2023-12-12T12:34:12","modified_gmt":"2023-12-12T11:34:12","slug":"trixie-gehhilfe-m","status":"publish","type":"product","link":"https:\/\/all-pets.de\/shop\/produkt\/trixie-gehhilfe-m\/","title":{"rendered":"Trixie Gehhilfe &#8211; M"},"content":{"rendered":"<ul>\n<li> aus komfortablem Neopren\/Polyester <\/li>\n<li> erm\u00f6glicht das Tragen der zu unterst\u00fctzenden K\u00f6rperpartie <\/li>\n<li> zur Unterst\u00fctzung nach Operationen, bei Krankheit oder L\u00e4hmung <\/li>\n<li> Hilfe beim Spazierengehen und Treppensteigen oder um in das Auto zu gelangen <\/li>\n<li> f\u00fcr Vorder- und Hinterhand geeignet <\/li>\n<li>mit Tier\u00e4rzten entwickelt<\/li>\n<li>bei 30\u00b0C waschbar <\/li>\n<li> Farbe: schwarz <\/li>\n<li>Gr\u00f6\u00dfe M: bis zu 25 kg<\/li>\n<li>Umfang: 55-65 cm<\/li>\n<\/ul>\n","protected":false},"excerpt":{"rendered":"<p>aus komfortablem Neopren\/Polyester erm\u00f6glicht das Tragen der zu unterst\u00fctzenden K\u00f6rperpartie zur Unterst\u00fctzung nach Operationen, bei Krankheit oder L\u00e4hmung Hilfe beim Spazierengehen und Treppensteigen oder um in das Auto zu gelangen f\u00fcr Vorder- und Hinterhand geeignet mit Tier\u00e4rzten entwickelt bei 30\u00b0C waschbar Farbe: schwarz Gr\u00f6\u00dfe M: bis zu 25 kg Umfang: 55-65 cm<\/p>\n","protected":false},"featured_media":2509,"comment_status":"closed","ping_status":"open","template":"","meta":[],"product_cat":[15361],"product_tag":[],"class_list":{"0":"post-50208","1":"product","2":"type-product","3":"status-publish","4":"has-post-thumbnail","6":"product_cat-funktions-kleidung-hundebekleidung-funktions-kleidunghundewelt-unterwegs-hunde-apothekehundewelt-pflege-gesundheit-hundewelt","8":"first","9":"instock","10":"taxable","11":"shipping-taxable","12":"purchasable","13":"product-type-simple"},"_links":{"self":[{"href":"https:\/\/all-pets.de\/shop\/wp-json\/wp\/v2\/product\/50208","targetHints":{"allow":["GET"]}}],"collection":[{"href":"https:\/\/all-pets.de\/shop\/wp-json\/wp\/v2\/product"}],"about":[{"href":"https:\/\/all-pets.de\/shop\/wp-json\/wp\/v2\/types\/product"}],"replies":[{"embeddable":true,"href":"https:\/\/all-pets.de\/shop\/wp-json\/wp\/v2\/comments?post=50208"}],"wp:featuredmedia":[{"embeddable":true,"href":"https:\/\/all-pets.de\/shop\/wp-json\/wp\/v2\/media\/2509"}],"wp:attachment":[{"href":"https:\/\/all-pets.de\/shop\/wp-json\/wp\/v2\/media?parent=50208"}],"wp:term":[{"taxonomy":"product_cat","embeddable":true,"href":"https:\/\/all-pets.de\/shop\/wp-json\/wp\/v2\/product_cat?post=50208"},{"taxonomy":"product_tag","embeddable":true,"href":"https:\/\/all-pets.de\/shop\/wp-json\/wp\/v2\/product_tag?post=50208"}],"curies":[{"name":"wp","href":"https:\/\/api.w.org\/{rel}","templated":true}]}}