{"id":50211,"date":"2023-12-12T12:34:11","date_gmt":"2023-12-12T11:34:11","guid":{"rendered":"https:\/\/pet-shopping.de\/shop\/produkt\/karlie-art-joy-plus-halsband-rhombus-pink-45-55cm-x-25mm\/"},"modified":"2023-12-12T12:34:12","modified_gmt":"2023-12-12T11:34:12","slug":"karlie-art-joy-plus-halsband-rhombus-pink-45-55cm-x-25mm","status":"publish","type":"product","link":"https:\/\/all-pets.de\/shop\/produkt\/karlie-art-joy-plus-halsband-rhombus-pink-45-55cm-x-25mm\/","title":{"rendered":"Karlie Art Joy Plus Halsband RHOMBUS &#8211; Pink &#8211; 45-55cm x 25mm"},"content":{"rendered":"<p>Art Joy Plus sind Halsb\u00e4nder, Leinen und F\u00fchrleinen, die sich durch Verarbeitung, Best\u00e4ndigkeit und Qualit\u00e4tsmaterialien auszeichnen. Aus hautsympathischem Nylonmaterial in Verbindung mit verchromten Beschl\u00e4gen und Sicherheitsverschl\u00fcssen &#038;quot Safety-Click&#038;quot  sind sie extrem rei\u00dffest und langlebig. Alle Halsb\u00e4nder verf\u00fcgen \u00fcber Zugentlastung, dadurch wird der Zug von der Schnalle und der Schlaufe weggenommen. <\/p>\n","protected":false},"excerpt":{"rendered":"<p>Art Joy Plus sind Halsb\u00e4nder, Leinen und F\u00fchrleinen, die sich durch Verarbeitung, Best\u00e4ndigkeit und Qualit\u00e4tsmaterialien auszeichnen. Aus hautsympathischem Nylonmaterial in Verbindung mit verchromten Beschl\u00e4gen und Sicherheitsverschl\u00fcssen &#038;quot Safety-Click&#038;quot sind sie extrem rei\u00dffest und langlebig. Alle Halsb\u00e4nder verf\u00fcgen \u00fcber Zugentlastung, dadurch wird der Zug von der Schnalle und der Schlaufe weggenommen.<\/p>\n","protected":false},"featured_media":2537,"comment_status":"closed","ping_status":"open","template":"","meta":[],"product_cat":[14584],"product_tag":[],"class_list":{"0":"post-50211","1":"product","2":"type-product","3":"status-publish","4":"has-post-thumbnail","6":"product_cat-nylonhalsbaender","8":"first","9":"instock","10":"taxable","11":"shipping-taxable","12":"purchasable","13":"product-type-simple"},"_links":{"self":[{"href":"https:\/\/all-pets.de\/shop\/wp-json\/wp\/v2\/product\/50211","targetHints":{"allow":["GET"]}}],"collection":[{"href":"https:\/\/all-pets.de\/shop\/wp-json\/wp\/v2\/product"}],"about":[{"href":"https:\/\/all-pets.de\/shop\/wp-json\/wp\/v2\/types\/product"}],"replies":[{"embeddable":true,"href":"https:\/\/all-pets.de\/shop\/wp-json\/wp\/v2\/comments?post=50211"}],"wp:featuredmedia":[{"embeddable":true,"href":"https:\/\/all-pets.de\/shop\/wp-json\/wp\/v2\/media\/2537"}],"wp:attachment":[{"href":"https:\/\/all-pets.de\/shop\/wp-json\/wp\/v2\/media?parent=50211"}],"wp:term":[{"taxonomy":"product_cat","embeddable":true,"href":"https:\/\/all-pets.de\/shop\/wp-json\/wp\/v2\/product_cat?post=50211"},{"taxonomy":"product_tag","embeddable":true,"href":"https:\/\/all-pets.de\/shop\/wp-json\/wp\/v2\/product_tag?post=50211"}],"curies":[{"name":"wp","href":"https:\/\/api.w.org\/{rel}","templated":true}]}}