{"id":50214,"date":"2023-12-12T12:34:13","date_gmt":"2023-12-12T11:34:13","guid":{"rendered":"https:\/\/pet-shopping.de\/shop\/produkt\/trixie-buerste-beidseitig-klein\/"},"modified":"2023-12-12T12:34:13","modified_gmt":"2023-12-12T11:34:13","slug":"trixie-buerste-beidseitig-klein","status":"publish","type":"product","link":"https:\/\/all-pets.de\/shop\/produkt\/trixie-buerste-beidseitig-klein\/","title":{"rendered":"Trixie B\u00fcrste, beidseitig &#8211; Klein"},"content":{"rendered":"<p>Diese beidseitige B\u00fcrste eignet sich ideal zur schonenden Pflege des Deckhaars und der Unterwolle.<\/p>\n<p>Durch die spezielle Form lassen sich auch schwer erreichbare K\u00f6rperstellen gut bearbeiten.<\/p>\n<p>Die B\u00fcrste aus Kunststoff besitzt eine Seite mit Nylonborsten und eine Seite mit Drahtborsten mit Noppen. Der Griff ist mit einer rutschfesten Gummieinlage best\u00fcckt.<\/p>\n<p>Die B\u00fcrste ist geeignet f\u00fcr Hunde mit Zotthaar, Langhaar und Kurzhaar.<\/p>\n<p>Ma\u00dfe: ca. 6 x 19 cm<\/p>\n","protected":false},"excerpt":{"rendered":"<p>Diese beidseitige B\u00fcrste eignet sich ideal zur schonenden Pflege des Deckhaars und der Unterwolle. Durch die spezielle Form lassen sich auch schwer erreichbare K\u00f6rperstellen gut bearbeiten. Die B\u00fcrste aus Kunststoff besitzt eine Seite mit Nylonborsten und eine Seite mit Drahtborsten mit Noppen. Der Griff ist mit einer rutschfesten Gummieinlage best\u00fcckt. Die B\u00fcrste ist geeignet f\u00fcr [&hellip;]<\/p>\n","protected":false},"featured_media":2543,"comment_status":"closed","ping_status":"open","template":"","meta":[],"product_cat":[14112],"product_tag":[],"class_list":{"0":"post-50214","1":"product","2":"type-product","3":"status-publish","4":"has-post-thumbnail","6":"product_cat-hundebuersten-striegel-fellpflege-pflege-gesundheit-hundewelt","8":"first","9":"instock","10":"taxable","11":"shipping-taxable","12":"purchasable","13":"product-type-simple"},"_links":{"self":[{"href":"https:\/\/all-pets.de\/shop\/wp-json\/wp\/v2\/product\/50214","targetHints":{"allow":["GET"]}}],"collection":[{"href":"https:\/\/all-pets.de\/shop\/wp-json\/wp\/v2\/product"}],"about":[{"href":"https:\/\/all-pets.de\/shop\/wp-json\/wp\/v2\/types\/product"}],"replies":[{"embeddable":true,"href":"https:\/\/all-pets.de\/shop\/wp-json\/wp\/v2\/comments?post=50214"}],"wp:featuredmedia":[{"embeddable":true,"href":"https:\/\/all-pets.de\/shop\/wp-json\/wp\/v2\/media\/2543"}],"wp:attachment":[{"href":"https:\/\/all-pets.de\/shop\/wp-json\/wp\/v2\/media?parent=50214"}],"wp:term":[{"taxonomy":"product_cat","embeddable":true,"href":"https:\/\/all-pets.de\/shop\/wp-json\/wp\/v2\/product_cat?post=50214"},{"taxonomy":"product_tag","embeddable":true,"href":"https:\/\/all-pets.de\/shop\/wp-json\/wp\/v2\/product_tag?post=50214"}],"curies":[{"name":"wp","href":"https:\/\/api.w.org\/{rel}","templated":true}]}}