{"id":50217,"date":"2023-12-12T12:34:13","date_gmt":"2023-12-12T11:34:13","guid":{"rendered":"https:\/\/pet-shopping.de\/shop\/produkt\/trixie-holzhaus-grete-geflammt-mit-2-eingaengen-gross\/"},"modified":"2023-12-12T12:34:13","modified_gmt":"2023-12-12T11:34:13","slug":"trixie-holzhaus-grete-geflammt-mit-2-eingaengen-gross","status":"publish","type":"product","link":"https:\/\/all-pets.de\/shop\/produkt\/trixie-holzhaus-grete-geflammt-mit-2-eingaengen-gross\/","title":{"rendered":"Trixie Holzhaus Grete, geflammt mit 2 Eing\u00e4ngen &#8211; Gro\u00df"},"content":{"rendered":"<p>Das Kleintierhaus Grete aus geflammtem Holz und Dach aus Naturholz sieht nicht nur sehr ansprechend aus, sondern stellt f\u00fcr Ihr Kleintier auch einen optimalen R\u00fcckzugsort, sowie einen erh\u00f6hten Liegeplatz auf dem Dach dar.<\/p>\n<p>Dadurch dass das Haus zwei Ein- bzw. Ausg\u00e4nge besitzt (je einen an der Front und der R\u00fcckseite) ist es ein optimales Zubeh\u00f6r f\u00fcr eine tiergerechte Haltung.<\/p>\n<p>Das Haus in dieser Gr\u00f6\u00dfe eignet sich z. B. f\u00fcr Meerschweinchen und Kaninchen.<br \/> Ma\u00dfe: ca. 45 x 24 x 28 cm<\/p>\n","protected":false},"excerpt":{"rendered":"<p>Das Kleintierhaus Grete aus geflammtem Holz und Dach aus Naturholz sieht nicht nur sehr ansprechend aus, sondern stellt f\u00fcr Ihr Kleintier auch einen optimalen R\u00fcckzugsort, sowie einen erh\u00f6hten Liegeplatz auf dem Dach dar. Dadurch dass das Haus zwei Ein- bzw. Ausg\u00e4nge besitzt (je einen an der Front und der R\u00fcckseite) ist es ein optimales Zubeh\u00f6r [&hellip;]<\/p>\n","protected":false},"featured_media":2598,"comment_status":"closed","ping_status":"open","template":"","meta":[],"product_cat":[13693],"product_tag":[],"class_list":{"0":"post-50217","1":"product","2":"type-product","3":"status-publish","4":"has-post-thumbnail","6":"product_cat-holzhaeuser","8":"first","9":"instock","10":"taxable","11":"shipping-taxable","12":"purchasable","13":"product-type-simple"},"_links":{"self":[{"href":"https:\/\/all-pets.de\/shop\/wp-json\/wp\/v2\/product\/50217","targetHints":{"allow":["GET"]}}],"collection":[{"href":"https:\/\/all-pets.de\/shop\/wp-json\/wp\/v2\/product"}],"about":[{"href":"https:\/\/all-pets.de\/shop\/wp-json\/wp\/v2\/types\/product"}],"replies":[{"embeddable":true,"href":"https:\/\/all-pets.de\/shop\/wp-json\/wp\/v2\/comments?post=50217"}],"wp:featuredmedia":[{"embeddable":true,"href":"https:\/\/all-pets.de\/shop\/wp-json\/wp\/v2\/media\/2598"}],"wp:attachment":[{"href":"https:\/\/all-pets.de\/shop\/wp-json\/wp\/v2\/media?parent=50217"}],"wp:term":[{"taxonomy":"product_cat","embeddable":true,"href":"https:\/\/all-pets.de\/shop\/wp-json\/wp\/v2\/product_cat?post=50217"},{"taxonomy":"product_tag","embeddable":true,"href":"https:\/\/all-pets.de\/shop\/wp-json\/wp\/v2\/product_tag?post=50217"}],"curies":[{"name":"wp","href":"https:\/\/api.w.org\/{rel}","templated":true}]}}