{"id":50232,"date":"2023-12-12T12:34:15","date_gmt":"2023-12-12T11:34:15","guid":{"rendered":"https:\/\/pet-shopping.de\/shop\/produkt\/trixie-cavo-reflect-leine-1-m-fuchsia-l-xl\/"},"modified":"2023-12-12T12:34:15","modified_gmt":"2023-12-12T11:34:15","slug":"trixie-cavo-reflect-leine-1-m-fuchsia-l-xl","status":"publish","type":"product","link":"https:\/\/all-pets.de\/shop\/produkt\/trixie-cavo-reflect-leine-1-m-fuchsia-l-xl\/","title":{"rendered":"Trixie Cavo Reflect Leine &#8211; 1 m &#8211; Fuchsia \/ L-XL"},"content":{"rendered":"<ul>\n<li>Gurtband, rund geflochten<\/li>\n<li>reflektierend<\/li>\n<li>L\u00e4nge: 1 m<\/li>\n<li>Gr\u00f6\u00dfe L-XL: 18 mm Durchmesser<\/li>\n<li>Farbe: Fuchsia<\/li>\n<\/ul>\n","protected":false},"excerpt":{"rendered":"<p>Gurtband, rund geflochten reflektierend L\u00e4nge: 1 m Gr\u00f6\u00dfe L-XL: 18 mm Durchmesser Farbe: Fuchsia<\/p>\n","protected":false},"featured_media":4254,"comment_status":"closed","ping_status":"open","template":"","meta":[],"product_cat":[15363],"product_tag":[],"class_list":{"0":"post-50232","1":"product","2":"type-product","3":"status-publish","4":"has-post-thumbnail","6":"product_cat-reflektierend-halsbaender-leinen-nylonleinenhundewelt","8":"first","9":"instock","10":"taxable","11":"shipping-taxable","12":"purchasable","13":"product-type-simple"},"_links":{"self":[{"href":"https:\/\/all-pets.de\/shop\/wp-json\/wp\/v2\/product\/50232","targetHints":{"allow":["GET"]}}],"collection":[{"href":"https:\/\/all-pets.de\/shop\/wp-json\/wp\/v2\/product"}],"about":[{"href":"https:\/\/all-pets.de\/shop\/wp-json\/wp\/v2\/types\/product"}],"replies":[{"embeddable":true,"href":"https:\/\/all-pets.de\/shop\/wp-json\/wp\/v2\/comments?post=50232"}],"wp:featuredmedia":[{"embeddable":true,"href":"https:\/\/all-pets.de\/shop\/wp-json\/wp\/v2\/media\/4254"}],"wp:attachment":[{"href":"https:\/\/all-pets.de\/shop\/wp-json\/wp\/v2\/media?parent=50232"}],"wp:term":[{"taxonomy":"product_cat","embeddable":true,"href":"https:\/\/all-pets.de\/shop\/wp-json\/wp\/v2\/product_cat?post=50232"},{"taxonomy":"product_tag","embeddable":true,"href":"https:\/\/all-pets.de\/shop\/wp-json\/wp\/v2\/product_tag?post=50232"}],"curies":[{"name":"wp","href":"https:\/\/api.w.org\/{rel}","templated":true}]}}