{"id":50233,"date":"2023-12-12T12:34:15","date_gmt":"2023-12-12T11:34:15","guid":{"rendered":"https:\/\/pet-shopping.de\/shop\/produkt\/karlie-buffalo-denim-fuehrleine-grau-200cm-14mm\/"},"modified":"2023-12-12T12:34:16","modified_gmt":"2023-12-12T11:34:16","slug":"karlie-buffalo-denim-fuehrleine-grau-200cm-14mm","status":"publish","type":"product","link":"https:\/\/all-pets.de\/shop\/produkt\/karlie-buffalo-denim-fuehrleine-grau-200cm-14mm\/","title":{"rendered":"Karlie BUFFALO DENIM F\u00fchrleine &#8211; Grau &#8211; 200cm \/ 14mm"},"content":{"rendered":"<p>Die edlen Buffalo Denim F\u00fchrleinen bestehen aus hochwertigem Kalbsleder. Es ist sorgf\u00e4ltig abgen\u00e4ht und gebuggt und mit verchromten Beschl\u00e4gen versehen. Da das Material wasserabweisend ist, hat die Leine eine besonders lange Lebensdauer. <\/p>\n<p>Farbe: grau<br \/> L\u00e4nge: ca. 200 cm<br \/> Breite: ca. 14 mm<\/p>\n","protected":false},"excerpt":{"rendered":"<p>Die edlen Buffalo Denim F\u00fchrleinen bestehen aus hochwertigem Kalbsleder. Es ist sorgf\u00e4ltig abgen\u00e4ht und gebuggt und mit verchromten Beschl\u00e4gen versehen. Da das Material wasserabweisend ist, hat die Leine eine besonders lange Lebensdauer. Farbe: grau L\u00e4nge: ca. 200 cm Breite: ca. 14 mm<\/p>\n","protected":false},"featured_media":4295,"comment_status":"closed","ping_status":"open","template":"","meta":[],"product_cat":[13749],"product_tag":[],"class_list":{"0":"post-50233","1":"product","2":"type-product","3":"status-publish","4":"has-post-thumbnail","6":"product_cat-lederleinen","8":"first","9":"instock","10":"taxable","11":"shipping-taxable","12":"purchasable","13":"product-type-simple"},"_links":{"self":[{"href":"https:\/\/all-pets.de\/shop\/wp-json\/wp\/v2\/product\/50233","targetHints":{"allow":["GET"]}}],"collection":[{"href":"https:\/\/all-pets.de\/shop\/wp-json\/wp\/v2\/product"}],"about":[{"href":"https:\/\/all-pets.de\/shop\/wp-json\/wp\/v2\/types\/product"}],"replies":[{"embeddable":true,"href":"https:\/\/all-pets.de\/shop\/wp-json\/wp\/v2\/comments?post=50233"}],"wp:featuredmedia":[{"embeddable":true,"href":"https:\/\/all-pets.de\/shop\/wp-json\/wp\/v2\/media\/4295"}],"wp:attachment":[{"href":"https:\/\/all-pets.de\/shop\/wp-json\/wp\/v2\/media?parent=50233"}],"wp:term":[{"taxonomy":"product_cat","embeddable":true,"href":"https:\/\/all-pets.de\/shop\/wp-json\/wp\/v2\/product_cat?post=50233"},{"taxonomy":"product_tag","embeddable":true,"href":"https:\/\/all-pets.de\/shop\/wp-json\/wp\/v2\/product_tag?post=50233"}],"curies":[{"name":"wp","href":"https:\/\/api.w.org\/{rel}","templated":true}]}}