{"id":50236,"date":"2023-12-12T12:34:17","date_gmt":"2023-12-12T11:34:17","guid":{"rendered":"https:\/\/pet-shopping.de\/shop\/produkt\/hunter-fuehrleine-krazy-beast-dog-xs-10-mm-110-cm\/"},"modified":"2023-12-12T12:34:17","modified_gmt":"2023-12-12T11:34:17","slug":"hunter-fuehrleine-krazy-beast-dog-xs-10-mm-110-cm","status":"publish","type":"product","link":"https:\/\/all-pets.de\/shop\/produkt\/hunter-fuehrleine-krazy-beast-dog-xs-10-mm-110-cm\/","title":{"rendered":"Hunter F\u00fchrleine Krazy Beast Dog &#8211; XS: 10 mm \/ 110 cm"},"content":{"rendered":"<p><p>Sehr schicke, trendige F\u00fchrleine von Hunter. Nylon-Soft ist ein sehr rei\u00dffestes, robustes Material. Metallteile sind vernickelt. <\/p>\n<\/p>\n<p>Breite: 10 mm<br \/> L\u00e4nge: 110 cm <\/p>\n","protected":false},"excerpt":{"rendered":"<p>Sehr schicke, trendige F\u00fchrleine von Hunter. Nylon-Soft ist ein sehr rei\u00dffestes, robustes Material. Metallteile sind vernickelt. Breite: 10 mm L\u00e4nge: 110 cm<\/p>\n","protected":false},"featured_media":4328,"comment_status":"closed","ping_status":"open","template":"","meta":[],"product_cat":[14701],"product_tag":[],"class_list":{"0":"post-50236","1":"product","2":"type-product","3":"status-publish","4":"has-post-thumbnail","6":"product_cat-nylonleinen-leinen","8":"first","9":"instock","10":"taxable","11":"shipping-taxable","12":"purchasable","13":"product-type-simple"},"_links":{"self":[{"href":"https:\/\/all-pets.de\/shop\/wp-json\/wp\/v2\/product\/50236","targetHints":{"allow":["GET"]}}],"collection":[{"href":"https:\/\/all-pets.de\/shop\/wp-json\/wp\/v2\/product"}],"about":[{"href":"https:\/\/all-pets.de\/shop\/wp-json\/wp\/v2\/types\/product"}],"replies":[{"embeddable":true,"href":"https:\/\/all-pets.de\/shop\/wp-json\/wp\/v2\/comments?post=50236"}],"wp:featuredmedia":[{"embeddable":true,"href":"https:\/\/all-pets.de\/shop\/wp-json\/wp\/v2\/media\/4328"}],"wp:attachment":[{"href":"https:\/\/all-pets.de\/shop\/wp-json\/wp\/v2\/media?parent=50236"}],"wp:term":[{"taxonomy":"product_cat","embeddable":true,"href":"https:\/\/all-pets.de\/shop\/wp-json\/wp\/v2\/product_cat?post=50236"},{"taxonomy":"product_tag","embeddable":true,"href":"https:\/\/all-pets.de\/shop\/wp-json\/wp\/v2\/product_tag?post=50236"}],"curies":[{"name":"wp","href":"https:\/\/api.w.org\/{rel}","templated":true}]}}