{"id":50242,"date":"2023-12-12T12:34:17","date_gmt":"2023-12-12T11:34:17","guid":{"rendered":"https:\/\/pet-shopping.de\/shop\/produkt\/trixie-be-eco-bett-danilo-60-x-50-cm\/"},"modified":"2023-12-12T12:34:17","modified_gmt":"2023-12-12T11:34:17","slug":"trixie-be-eco-bett-danilo-60-x-50-cm","status":"publish","type":"product","link":"https:\/\/all-pets.de\/shop\/produkt\/trixie-be-eco-bett-danilo-60-x-50-cm\/","title":{"rendered":"Trixie Be Eco Bett Danilo &#8211; 60 x 50 cm"},"content":{"rendered":"<ul>\n<li>besonders nachhaltig durch recycelte Materialien<\/li>\n<li>Canvas<\/li>\n<li>Baumwoll-Bezug<\/li>\n<li>Polyestervlies-F\u00fcllung<\/li>\n<li>mit Wendekissen<\/li>\n<li>Bez\u00fcge abnehmbarund bei 30\u00b0C waschbar<\/li>\n<li>rutschfester Boden<\/li>\n<li>Inlett per Handw\u00e4sche zu reinigen<\/li>\n<li>Farbe: Grau<\/li>\n<li>Gr\u00f6\u00dfe: ca. 60 x 50 cm<\/li>\n<\/ul>\n","protected":false},"excerpt":{"rendered":"<p>besonders nachhaltig durch recycelte Materialien Canvas Baumwoll-Bezug Polyestervlies-F\u00fcllung mit Wendekissen Bez\u00fcge abnehmbarund bei 30\u00b0C waschbar rutschfester Boden Inlett per Handw\u00e4sche zu reinigen Farbe: Grau Gr\u00f6\u00dfe: ca. 60 x 50 cm<\/p>\n","protected":false},"featured_media":4832,"comment_status":"closed","ping_status":"open","template":"","meta":[],"product_cat":[15357],"product_tag":[],"class_list":{"0":"post-50242","1":"product","2":"type-product","3":"status-publish","4":"has-post-thumbnail","6":"product_cat-nachhaltige-hundebetten","8":"first","9":"instock","10":"taxable","11":"shipping-taxable","12":"purchasable","13":"product-type-simple"},"_links":{"self":[{"href":"https:\/\/all-pets.de\/shop\/wp-json\/wp\/v2\/product\/50242","targetHints":{"allow":["GET"]}}],"collection":[{"href":"https:\/\/all-pets.de\/shop\/wp-json\/wp\/v2\/product"}],"about":[{"href":"https:\/\/all-pets.de\/shop\/wp-json\/wp\/v2\/types\/product"}],"replies":[{"embeddable":true,"href":"https:\/\/all-pets.de\/shop\/wp-json\/wp\/v2\/comments?post=50242"}],"wp:featuredmedia":[{"embeddable":true,"href":"https:\/\/all-pets.de\/shop\/wp-json\/wp\/v2\/media\/4832"}],"wp:attachment":[{"href":"https:\/\/all-pets.de\/shop\/wp-json\/wp\/v2\/media?parent=50242"}],"wp:term":[{"taxonomy":"product_cat","embeddable":true,"href":"https:\/\/all-pets.de\/shop\/wp-json\/wp\/v2\/product_cat?post=50242"},{"taxonomy":"product_tag","embeddable":true,"href":"https:\/\/all-pets.de\/shop\/wp-json\/wp\/v2\/product_tag?post=50242"}],"curies":[{"name":"wp","href":"https:\/\/api.w.org\/{rel}","templated":true}]}}