{"id":50243,"date":"2023-12-12T12:34:17","date_gmt":"2023-12-12T11:34:17","guid":{"rendered":"https:\/\/pet-shopping.de\/shop\/produkt\/trixie-camping-bett-69-x-20-x-69-cm\/"},"modified":"2023-12-12T12:34:17","modified_gmt":"2023-12-12T11:34:17","slug":"trixie-camping-bett-69-x-20-x-69-cm","status":"publish","type":"product","link":"https:\/\/all-pets.de\/shop\/produkt\/trixie-camping-bett-69-x-20-x-69-cm\/","title":{"rendered":"Trixie Camping-Bett &#8211; 69 \u00d7 20 \u00d7 69 cm"},"content":{"rendered":"<ul>\n<li>strong Edition<\/li>\n<li>Oxford-Polyester<\/li>\n<li>mit stabilem Metallgestell, pulverbeschichtet <\/li>\n<li>Bezug abnehmbar<\/li>\n<li>mit Transporttasche<\/li>\n<li>zusammenklappbar und platzsparend zu verstauen<\/li>\n<li>bis 15 kg belastbar<\/li>\n<li>Farbe: dunkelgrau\/petrol<\/li>\n<li>Ma\u00dfe: ca. 69 \u00d7 20 \u00d7 69 cm<\/li>\n<\/ul>\n","protected":false},"excerpt":{"rendered":"<p>strong Edition Oxford-Polyester mit stabilem Metallgestell, pulverbeschichtet Bezug abnehmbar mit Transporttasche zusammenklappbar und platzsparend zu verstauen bis 15 kg belastbar Farbe: dunkelgrau\/petrol Ma\u00dfe: ca. 69 \u00d7 20 \u00d7 69 cm<\/p>\n","protected":false},"featured_media":50244,"comment_status":"closed","ping_status":"open","template":"","meta":[],"product_cat":[14936],"product_tag":[],"class_list":{"0":"post-50243","1":"product","2":"type-product","3":"status-publish","4":"has-post-thumbnail","6":"product_cat-sofas","8":"first","9":"instock","10":"taxable","11":"shipping-taxable","12":"purchasable","13":"product-type-simple"},"_links":{"self":[{"href":"https:\/\/all-pets.de\/shop\/wp-json\/wp\/v2\/product\/50243","targetHints":{"allow":["GET"]}}],"collection":[{"href":"https:\/\/all-pets.de\/shop\/wp-json\/wp\/v2\/product"}],"about":[{"href":"https:\/\/all-pets.de\/shop\/wp-json\/wp\/v2\/types\/product"}],"replies":[{"embeddable":true,"href":"https:\/\/all-pets.de\/shop\/wp-json\/wp\/v2\/comments?post=50243"}],"wp:featuredmedia":[{"embeddable":true,"href":"https:\/\/all-pets.de\/shop\/wp-json\/wp\/v2\/media\/50244"}],"wp:attachment":[{"href":"https:\/\/all-pets.de\/shop\/wp-json\/wp\/v2\/media?parent=50243"}],"wp:term":[{"taxonomy":"product_cat","embeddable":true,"href":"https:\/\/all-pets.de\/shop\/wp-json\/wp\/v2\/product_cat?post=50243"},{"taxonomy":"product_tag","embeddable":true,"href":"https:\/\/all-pets.de\/shop\/wp-json\/wp\/v2\/product_tag?post=50243"}],"curies":[{"name":"wp","href":"https:\/\/api.w.org\/{rel}","templated":true}]}}