{"id":50261,"date":"2023-12-12T12:34:20","date_gmt":"2023-12-12T11:34:20","guid":{"rendered":"https:\/\/pet-shopping.de\/shop\/produkt\/trixie-nistmaterial-kapok-100-g\/"},"modified":"2023-12-12T12:34:22","modified_gmt":"2023-12-12T11:34:22","slug":"trixie-nistmaterial-kapok-100-g","status":"publish","type":"product","link":"https:\/\/all-pets.de\/shop\/produkt\/trixie-nistmaterial-kapok-100-g\/","title":{"rendered":"Trixie Nistmaterial Kapok &#8211; 100 g"},"content":{"rendered":"<ul>\n<li>tiergerecht durch feine, leicht auseinanderziehbare Fasern<\/li>\n<li>extra weich und w\u00e4rmend<\/li>\n<li>staubfrei<\/li>\n<li>tierschutzkonform nach \u00a7 18 (AT)<\/li>\n<li>Farbe: creme<\/li>\n<li>z.B. f\u00fcr Hamster, M\u00e4use oder V\u00f6gel<\/li>\n<li>Inhalt: 100 g<\/li>\n<\/ul>\n","protected":false},"excerpt":{"rendered":"<p>tiergerecht durch feine, leicht auseinanderziehbare Fasern extra weich und w\u00e4rmend staubfrei tierschutzkonform nach \u00a7 18 (AT) Farbe: creme z.B. f\u00fcr Hamster, M\u00e4use oder V\u00f6gel Inhalt: 100 g<\/p>\n","protected":false},"featured_media":50262,"comment_status":"closed","ping_status":"open","template":"","meta":[],"product_cat":[13767],"product_tag":[],"class_list":{"0":"post-50261","1":"product","2":"type-product","3":"status-publish","4":"has-post-thumbnail","6":"product_cat-einstreu-nistmaterial","8":"first","9":"instock","10":"taxable","11":"shipping-taxable","12":"purchasable","13":"product-type-simple"},"_links":{"self":[{"href":"https:\/\/all-pets.de\/shop\/wp-json\/wp\/v2\/product\/50261","targetHints":{"allow":["GET"]}}],"collection":[{"href":"https:\/\/all-pets.de\/shop\/wp-json\/wp\/v2\/product"}],"about":[{"href":"https:\/\/all-pets.de\/shop\/wp-json\/wp\/v2\/types\/product"}],"replies":[{"embeddable":true,"href":"https:\/\/all-pets.de\/shop\/wp-json\/wp\/v2\/comments?post=50261"}],"wp:featuredmedia":[{"embeddable":true,"href":"https:\/\/all-pets.de\/shop\/wp-json\/wp\/v2\/media\/50262"}],"wp:attachment":[{"href":"https:\/\/all-pets.de\/shop\/wp-json\/wp\/v2\/media?parent=50261"}],"wp:term":[{"taxonomy":"product_cat","embeddable":true,"href":"https:\/\/all-pets.de\/shop\/wp-json\/wp\/v2\/product_cat?post=50261"},{"taxonomy":"product_tag","embeddable":true,"href":"https:\/\/all-pets.de\/shop\/wp-json\/wp\/v2\/product_tag?post=50261"}],"curies":[{"name":"wp","href":"https:\/\/api.w.org\/{rel}","templated":true}]}}