{"id":50280,"date":"2023-12-12T12:34:24","date_gmt":"2023-12-12T11:34:24","guid":{"rendered":"https:\/\/pet-shopping.de\/shop\/produkt\/catit-echte-kanadische-katzenminze-28g\/"},"modified":"2023-12-12T12:34:25","modified_gmt":"2023-12-12T11:34:25","slug":"catit-echte-kanadische-katzenminze-28g","status":"publish","type":"product","link":"https:\/\/all-pets.de\/shop\/produkt\/catit-echte-kanadische-katzenminze-28g\/","title":{"rendered":"Catit Echte kanadische Katzenminze &#8211; 28g"},"content":{"rendered":"<p>Getrocknete Katzenminzebl\u00e4tter und -bl\u00fcten von kanadischer Qualit\u00e4t<\/p>\n<ul>\n<li>Stimuliert Katzen auf nat\u00fcrliche Weise, sich zu entspannen und verspielter zu sein<\/li>\n<li>Inhalt: 28 g Katzenminze<\/li>\n<\/ul>\n<p><\/p>\n<p>F\u00f6rdert die Verspieltheit<\/p>\n<p>Jeder Beutel ist mit getrockneten Katzenminzebl\u00e4ttern und \u2013 bl\u00fcten von kanadischer Qualit\u00e4t gef\u00fcllt.<\/p>\n<p><\/p>\n<p>Bring deiner Katze bei, wo sie spielen oder kratzen soll<\/p>\n<p>Reib einfach eine Prise Katzenminze zwischen deinen Fingern, damit das Aroma verstr\u00f6men kann. Verteil die Katzenminze auf den Spielzeugen deiner Katze oder an Orten, an denen deine Katze zum Spiel animiert werden soll.<\/p><\/p>\n","protected":false},"excerpt":{"rendered":"<p>Getrocknete Katzenminzebl\u00e4tter und -bl\u00fcten von kanadischer Qualit\u00e4t Stimuliert Katzen auf nat\u00fcrliche Weise, sich zu entspannen und verspielter zu sein Inhalt: 28 g Katzenminze F\u00f6rdert die Verspieltheit Jeder Beutel ist mit getrockneten Katzenminzebl\u00e4ttern und \u2013 bl\u00fcten von kanadischer Qualit\u00e4t gef\u00fcllt. Bring deiner Katze bei, wo sie spielen oder kratzen soll Reib einfach eine Prise Katzenminze zwischen [&hellip;]<\/p>\n","protected":false},"featured_media":50276,"comment_status":"closed","ping_status":"open","template":"","meta":[],"product_cat":[13702],"product_tag":[],"class_list":{"0":"post-50280","1":"product","2":"type-product","3":"status-publish","4":"has-post-thumbnail","6":"product_cat-catnip-baldrian-spielzeug-katzenspielzeug","8":"first","9":"instock","10":"taxable","11":"shipping-taxable","12":"purchasable","13":"product-type-simple"},"_links":{"self":[{"href":"https:\/\/all-pets.de\/shop\/wp-json\/wp\/v2\/product\/50280","targetHints":{"allow":["GET"]}}],"collection":[{"href":"https:\/\/all-pets.de\/shop\/wp-json\/wp\/v2\/product"}],"about":[{"href":"https:\/\/all-pets.de\/shop\/wp-json\/wp\/v2\/types\/product"}],"replies":[{"embeddable":true,"href":"https:\/\/all-pets.de\/shop\/wp-json\/wp\/v2\/comments?post=50280"}],"wp:featuredmedia":[{"embeddable":true,"href":"https:\/\/all-pets.de\/shop\/wp-json\/wp\/v2\/media\/50276"}],"wp:attachment":[{"href":"https:\/\/all-pets.de\/shop\/wp-json\/wp\/v2\/media?parent=50280"}],"wp:term":[{"taxonomy":"product_cat","embeddable":true,"href":"https:\/\/all-pets.de\/shop\/wp-json\/wp\/v2\/product_cat?post=50280"},{"taxonomy":"product_tag","embeddable":true,"href":"https:\/\/all-pets.de\/shop\/wp-json\/wp\/v2\/product_tag?post=50280"}],"curies":[{"name":"wp","href":"https:\/\/api.w.org\/{rel}","templated":true}]}}