{"id":50281,"date":"2023-12-12T12:34:24","date_gmt":"2023-12-12T11:34:24","guid":{"rendered":"https:\/\/pet-shopping.de\/shop\/produkt\/karlie-fuehrleine-comfort-200cm-14mm-braun\/"},"modified":"2023-12-12T12:34:25","modified_gmt":"2023-12-12T11:34:25","slug":"karlie-fuehrleine-comfort-200cm-14mm-braun","status":"publish","type":"product","link":"https:\/\/all-pets.de\/shop\/produkt\/karlie-fuehrleine-comfort-200cm-14mm-braun\/","title":{"rendered":"Karlie F\u00fchrleine Comfort &#8211; 200cm \/ 14mm &#8211; Braun"},"content":{"rendered":"<p>Die F\u00fchrleine Comfort in ihrer schlichten Eleganz ist eine gelungeneKombination von \u00e4u\u00dferst geschmeidigem, gespaltenem Vollleder auf derOberseite und weichem Nappaleder auf der Unterseite und gew\u00e4hrleisteteine angenehme Oberfl\u00e4chenhaptik. Durch die einzelnenProduktionsschritte des Riegelns, Abn\u00e4hens und Buggens entsteht einwertiges, formbest\u00e4ndiges Qualit\u00e4tsprodukt mit weichen Kanten. DieF\u00fchrleine ist 3fach verstellbar.<\/p>\n<p>L\u00e4nge: ca. 200 cm<br \/>Breite: ca. 14 mm<br \/>Farbe: braun<\/p>\n","protected":false},"excerpt":{"rendered":"<p>Die F\u00fchrleine Comfort in ihrer schlichten Eleganz ist eine gelungeneKombination von \u00e4u\u00dferst geschmeidigem, gespaltenem Vollleder auf derOberseite und weichem Nappaleder auf der Unterseite und gew\u00e4hrleisteteine angenehme Oberfl\u00e4chenhaptik. Durch die einzelnenProduktionsschritte des Riegelns, Abn\u00e4hens und Buggens entsteht einwertiges, formbest\u00e4ndiges Qualit\u00e4tsprodukt mit weichen Kanten. DieF\u00fchrleine ist 3fach verstellbar. L\u00e4nge: ca. 200 cmBreite: ca. 14 mmFarbe: braun<\/p>\n","protected":false},"featured_media":4972,"comment_status":"closed","ping_status":"open","template":"","meta":[],"product_cat":[13749],"product_tag":[],"class_list":{"0":"post-50281","1":"product","2":"type-product","3":"status-publish","4":"has-post-thumbnail","6":"product_cat-lederleinen","8":"first","9":"instock","10":"taxable","11":"shipping-taxable","12":"purchasable","13":"product-type-simple"},"_links":{"self":[{"href":"https:\/\/all-pets.de\/shop\/wp-json\/wp\/v2\/product\/50281","targetHints":{"allow":["GET"]}}],"collection":[{"href":"https:\/\/all-pets.de\/shop\/wp-json\/wp\/v2\/product"}],"about":[{"href":"https:\/\/all-pets.de\/shop\/wp-json\/wp\/v2\/types\/product"}],"replies":[{"embeddable":true,"href":"https:\/\/all-pets.de\/shop\/wp-json\/wp\/v2\/comments?post=50281"}],"wp:featuredmedia":[{"embeddable":true,"href":"https:\/\/all-pets.de\/shop\/wp-json\/wp\/v2\/media\/4972"}],"wp:attachment":[{"href":"https:\/\/all-pets.de\/shop\/wp-json\/wp\/v2\/media?parent=50281"}],"wp:term":[{"taxonomy":"product_cat","embeddable":true,"href":"https:\/\/all-pets.de\/shop\/wp-json\/wp\/v2\/product_cat?post=50281"},{"taxonomy":"product_tag","embeddable":true,"href":"https:\/\/all-pets.de\/shop\/wp-json\/wp\/v2\/product_tag?post=50281"}],"curies":[{"name":"wp","href":"https:\/\/api.w.org\/{rel}","templated":true}]}}