{"id":50287,"date":"2023-12-12T12:34:28","date_gmt":"2023-12-12T11:34:28","guid":{"rendered":"https:\/\/pet-shopping.de\/shop\/produkt\/savic-katzentoilette-hop-in-weiss-beige\/"},"modified":"2023-12-12T12:34:29","modified_gmt":"2023-12-12T11:34:29","slug":"savic-katzentoilette-hop-in-weiss-beige","status":"publish","type":"product","link":"https:\/\/all-pets.de\/shop\/produkt\/savic-katzentoilette-hop-in-weiss-beige\/","title":{"rendered":"Savic Katzentoilette Hop In &#8211; wei\u00df\/beige"},"content":{"rendered":"<p>Die sehr moderne Katzentoilette Hop In verf\u00fcgt \u00fcber einen Einstieg an der Oberseite, durch den das Herausschaufeln von Katzenstreu minimiert wird. <\/p>\n<p>Katzenstreu, dass sich an den Pfoten der Katze befindet wird durch das Sieb an der Oberseite der Toilette wieder in die Toilette bef\u00f6rdert.<\/p>\n<p>Au\u00dferdem ist die Hop In besonders geeignet f\u00fcr Katzenhalter, die ebenfalls Hunde besitzen. Diese k\u00f6nnen durch den oberen Einstieg nicht an den Inhalt der Toilette gelangen. <\/p>\n<p>Der obere Deckel kann zum Reinigen abgenommen und seitlich aufgeh\u00e4ngt werden. <\/p>\n<p>Ma\u00dfe: 58,5 cm x 39 cm x 39,5 cm<\/p>\n<p>Farbe: wei\u00df\/beige <\/p>\n","protected":false},"excerpt":{"rendered":"<p>Die sehr moderne Katzentoilette Hop In verf\u00fcgt \u00fcber einen Einstieg an der Oberseite, durch den das Herausschaufeln von Katzenstreu minimiert wird. Katzenstreu, dass sich an den Pfoten der Katze befindet wird durch das Sieb an der Oberseite der Toilette wieder in die Toilette bef\u00f6rdert. Au\u00dferdem ist die Hop In besonders geeignet f\u00fcr Katzenhalter, die ebenfalls [&hellip;]<\/p>\n","protected":false},"featured_media":5021,"comment_status":"closed","ping_status":"open","template":"","meta":[],"product_cat":[14798],"product_tag":[],"class_list":{"0":"post-50287","1":"product","2":"type-product","3":"status-publish","4":"has-post-thumbnail","6":"product_cat-katzentoiletten-toiletten-katzenstreu-toiletten-katzenstreukatzenwelt","8":"first","9":"instock","10":"taxable","11":"shipping-taxable","12":"purchasable","13":"product-type-simple"},"_links":{"self":[{"href":"https:\/\/all-pets.de\/shop\/wp-json\/wp\/v2\/product\/50287","targetHints":{"allow":["GET"]}}],"collection":[{"href":"https:\/\/all-pets.de\/shop\/wp-json\/wp\/v2\/product"}],"about":[{"href":"https:\/\/all-pets.de\/shop\/wp-json\/wp\/v2\/types\/product"}],"replies":[{"embeddable":true,"href":"https:\/\/all-pets.de\/shop\/wp-json\/wp\/v2\/comments?post=50287"}],"wp:featuredmedia":[{"embeddable":true,"href":"https:\/\/all-pets.de\/shop\/wp-json\/wp\/v2\/media\/5021"}],"wp:attachment":[{"href":"https:\/\/all-pets.de\/shop\/wp-json\/wp\/v2\/media?parent=50287"}],"wp:term":[{"taxonomy":"product_cat","embeddable":true,"href":"https:\/\/all-pets.de\/shop\/wp-json\/wp\/v2\/product_cat?post=50287"},{"taxonomy":"product_tag","embeddable":true,"href":"https:\/\/all-pets.de\/shop\/wp-json\/wp\/v2\/product_tag?post=50287"}],"curies":[{"name":"wp","href":"https:\/\/api.w.org\/{rel}","templated":true}]}}