{"id":50292,"date":"2023-12-12T12:34:28","date_gmt":"2023-12-12T11:34:28","guid":{"rendered":"https:\/\/pet-shopping.de\/shop\/produkt\/karlie-faltbarer-reisenapf-aus-silikon-500-ml\/"},"modified":"2023-12-12T12:34:30","modified_gmt":"2023-12-12T11:34:30","slug":"karlie-faltbarer-reisenapf-aus-silikon-500-ml","status":"publish","type":"product","link":"https:\/\/all-pets.de\/shop\/produkt\/karlie-faltbarer-reisenapf-aus-silikon-500-ml\/","title":{"rendered":"Karlie faltbarer Reisenapf aus Silikon &#8211; 500 ml"},"content":{"rendered":"<p>&#8211; Zusammenfaltbarer Silikon Reisenapf<br \/> &#8211; Hochwertige Lebensmittelqualit\u00e4t<br \/> &#8211; Rutschfest<br \/> &#8211; Flexibel<br \/> &#8211; Einfache Reinigung<br \/> &#8211; Sp\u00fclmaschinenfest<\/p>\n<p>Farbe: Lila <\/p>\n<p>Inhalt: 500 ml<br \/> Innendurchmesser: ca. 12,5 cm<br \/> H\u00f6he ausgeklappt: ca. 5,5 cm<\/p>\n","protected":false},"excerpt":{"rendered":"<p>&#8211; Zusammenfaltbarer Silikon Reisenapf &#8211; Hochwertige Lebensmittelqualit\u00e4t &#8211; Rutschfest &#8211; Flexibel &#8211; Einfache Reinigung &#8211; Sp\u00fclmaschinenfest Farbe: Lila Inhalt: 500 ml Innendurchmesser: ca. 12,5 cm H\u00f6he ausgeklappt: ca. 5,5 cm<\/p>\n","protected":false},"featured_media":5049,"comment_status":"closed","ping_status":"open","template":"","meta":[],"product_cat":[15382],"product_tag":[],"class_list":{"0":"post-50292","1":"product","2":"type-product","3":"status-publish","4":"has-post-thumbnail","6":"product_cat-reisenaepfe-fuer-hunde-reise-transport-reisenaepfehundewelt-katzentransport-reise-reisenaepfekatzenwelt-unterwegs-futter-wassernaepfehundewelt-2","8":"first","9":"instock","10":"taxable","11":"shipping-taxable","12":"purchasable","13":"product-type-simple"},"_links":{"self":[{"href":"https:\/\/all-pets.de\/shop\/wp-json\/wp\/v2\/product\/50292","targetHints":{"allow":["GET"]}}],"collection":[{"href":"https:\/\/all-pets.de\/shop\/wp-json\/wp\/v2\/product"}],"about":[{"href":"https:\/\/all-pets.de\/shop\/wp-json\/wp\/v2\/types\/product"}],"replies":[{"embeddable":true,"href":"https:\/\/all-pets.de\/shop\/wp-json\/wp\/v2\/comments?post=50292"}],"wp:featuredmedia":[{"embeddable":true,"href":"https:\/\/all-pets.de\/shop\/wp-json\/wp\/v2\/media\/5049"}],"wp:attachment":[{"href":"https:\/\/all-pets.de\/shop\/wp-json\/wp\/v2\/media?parent=50292"}],"wp:term":[{"taxonomy":"product_cat","embeddable":true,"href":"https:\/\/all-pets.de\/shop\/wp-json\/wp\/v2\/product_cat?post=50292"},{"taxonomy":"product_tag","embeddable":true,"href":"https:\/\/all-pets.de\/shop\/wp-json\/wp\/v2\/product_tag?post=50292"}],"curies":[{"name":"wp","href":"https:\/\/api.w.org\/{rel}","templated":true}]}}