{"id":50293,"date":"2023-12-12T12:34:31","date_gmt":"2023-12-12T11:34:31","guid":{"rendered":"https:\/\/pet-shopping.de\/shop\/produkt\/versele-laga-nature-hamster-700-g\/"},"modified":"2023-12-12T12:34:31","modified_gmt":"2023-12-12T11:34:31","slug":"versele-laga-nature-hamster-700-g","status":"publish","type":"product","link":"https:\/\/all-pets.de\/shop\/produkt\/versele-laga-nature-hamster-700-g\/","title":{"rendered":"Versele-Laga Nature Hamster &#8211; 700 g"},"content":{"rendered":"<p><strong><span>Abwechslungsreiche, getreidereiche Mischung f\u00fcr Hamster<br \/> <\/span><\/strong><\/p>\n<ul>\n<li>Mit Mehlw\u00fcrmern als tierische Proteine f\u00fcr eine ausgewogene Ern\u00e4hrung<\/li>\n<li>Eine abwechslungsreiche Mischung voller N\u00fcsse und Saaten reich an Antioxidantien<\/li>\n<li>Proteinreiche Zusammensetzung f\u00fcr ein aktives Tier voller Energie<\/li>\n<\/ul>\n<div>\n<div><strong>Anwendung<\/strong><br \/> T\u00e4glich das Futter und Trinkwasser erneuern. Je nach Gr\u00f6\u00dfe und Rasse ist f\u00fcr einen Hamster eine durchschnittliche t\u00e4gliche Futterration von ungef\u00e4hr 15 g angemessen.<\/p>\n<div id=\"corporatebody_1_CompositionTitleDiv\" class=\"tabTitle\"><strong>Zusammensetzung <\/strong><\/div>\n<p>Getreide, pflanzliche Nebenerzeugnisse, Gem\u00fcse (gr\u00fcne Erbsen 12%), Saaten (gestreifte Sonnenblumenkerne 6%), pflanzliche Eiwei\u00dfextrakte, Fr\u00fcchte (Aprikose 1,5%, Rosinen 1%), N\u00fcsse, Insekten (Mehlw\u00fcrmer 4%), Mineralstoffe, Hefen, \u00d6le und Fette, Kr\u00e4uter, MOS, FOS, Calendula, Traubenkerne.<\/p>\n<div id=\"corporatebody_1_ComponentAnalysisTitleDiv\" class=\"tabTitle\"><strong>Analytische Bestandteile<\/strong><\/div>\n<p>Protein 18%, Fettgehalt 9%, Rohfaser 8%, Rohashe 9,5%, Calcium 0,7%, Phosphor 0,4% <\/p>\n<div id=\"corporatebody_1_ToevoegingsMiddelenTitleDiv\" class=\"tabTitle\"> <strong>Zusatzstoffe\/kg:<\/strong><\/p>\n<\/div>\n<div id=\"corporatebody_1_NutritionalInformationTitleDiv\" class=\"tabSubtitle\"><strong>Ern\u00e4hrungsphysiologische Zusatzstoffe<\/strong><\/div>\n<p>Vitamin A 11500 IE, Vitamin D3 1400 IE, Vitamin E 88 mg, 3b103 (Eisen) 109 mg, 3b202 (Jod) 2 mg, E4 (Kupfer) 11 mg, 3b502 (Mangan) 85 mg, 3b603 (Zink) 80 mg, E8 (Selen) 0,23 mg, 3b815 (Selen) 0,08 mg<\/p>\n<div id=\"corporatebody_1_TechnologicalTitleDiv\" class=\"tabSubtitle\"><strong>Technologische Zusatzstoffe<\/strong><\/div>\n<p>Antioxidantien<\/p><\/div>\n<\/div>\n","protected":false},"excerpt":{"rendered":"<p>Abwechslungsreiche, getreidereiche Mischung f\u00fcr Hamster Mit Mehlw\u00fcrmern als tierische Proteine f\u00fcr eine ausgewogene Ern\u00e4hrung Eine abwechslungsreiche Mischung voller N\u00fcsse und Saaten reich an Antioxidantien Proteinreiche Zusammensetzung f\u00fcr ein aktives Tier voller Energie Anwendung T\u00e4glich das Futter und Trinkwasser erneuern. Je nach Gr\u00f6\u00dfe und Rasse ist f\u00fcr einen Hamster eine durchschnittliche t\u00e4gliche Futterration von ungef\u00e4hr 15 [&hellip;]<\/p>\n","protected":false},"featured_media":5126,"comment_status":"closed","ping_status":"open","template":"","meta":[],"product_cat":[15034],"product_tag":[],"class_list":{"0":"post-50293","1":"product","2":"type-product","3":"status-publish","4":"has-post-thumbnail","6":"product_cat-versele-laga","8":"first","9":"instock","10":"taxable","11":"shipping-taxable","12":"purchasable","13":"product-type-simple"},"_links":{"self":[{"href":"https:\/\/all-pets.de\/shop\/wp-json\/wp\/v2\/product\/50293","targetHints":{"allow":["GET"]}}],"collection":[{"href":"https:\/\/all-pets.de\/shop\/wp-json\/wp\/v2\/product"}],"about":[{"href":"https:\/\/all-pets.de\/shop\/wp-json\/wp\/v2\/types\/product"}],"replies":[{"embeddable":true,"href":"https:\/\/all-pets.de\/shop\/wp-json\/wp\/v2\/comments?post=50293"}],"wp:featuredmedia":[{"embeddable":true,"href":"https:\/\/all-pets.de\/shop\/wp-json\/wp\/v2\/media\/5126"}],"wp:attachment":[{"href":"https:\/\/all-pets.de\/shop\/wp-json\/wp\/v2\/media?parent=50293"}],"wp:term":[{"taxonomy":"product_cat","embeddable":true,"href":"https:\/\/all-pets.de\/shop\/wp-json\/wp\/v2\/product_cat?post=50293"},{"taxonomy":"product_tag","embeddable":true,"href":"https:\/\/all-pets.de\/shop\/wp-json\/wp\/v2\/product_tag?post=50293"}],"curies":[{"name":"wp","href":"https:\/\/api.w.org\/{rel}","templated":true}]}}