{"id":50298,"date":"2023-12-12T12:34:31","date_gmt":"2023-12-12T11:34:31","guid":{"rendered":"https:\/\/pet-shopping.de\/shop\/produkt\/trixie-kunststoff-laufteller-17-cm\/"},"modified":"2023-12-12T12:34:32","modified_gmt":"2023-12-12T11:34:32","slug":"trixie-kunststoff-laufteller-17-cm","status":"publish","type":"product","link":"https:\/\/all-pets.de\/shop\/produkt\/trixie-kunststoff-laufteller-17-cm\/","title":{"rendered":"Trixie Kunststoff-Laufteller &#8211; 17 cm"},"content":{"rendered":"<p>Der Laufteller aus Kunststoff schont durch die flache Lauffl\u00e4che die Wirbels\u00e4ule des Tieres und ist besonders leichtg\u00e4ngig und leise.<\/p>\n<p>Die geschlossene Lauffl\u00e4che mit Querverstrebungen sorgt beim Laufen f\u00fcr einen sicheren Halt, der stabile Standfu\u00df gew\u00e4hrleistet eine gute Standfestigkeit.<\/p>\n<p>Durchmesser: ca. 17 cm<br \/> Geeignet z.B. f\u00fcr M\u00e4use, Zwerghamster<\/p>\n","protected":false},"excerpt":{"rendered":"<p>Der Laufteller aus Kunststoff schont durch die flache Lauffl\u00e4che die Wirbels\u00e4ule des Tieres und ist besonders leichtg\u00e4ngig und leise. Die geschlossene Lauffl\u00e4che mit Querverstrebungen sorgt beim Laufen f\u00fcr einen sicheren Halt, der stabile Standfu\u00df gew\u00e4hrleistet eine gute Standfestigkeit. Durchmesser: ca. 17 cm Geeignet z.B. f\u00fcr M\u00e4use, Zwerghamster<\/p>\n","protected":false},"featured_media":5181,"comment_status":"closed","ping_status":"open","template":"","meta":[],"product_cat":[15082],"product_tag":[],"class_list":{"0":"post-50298","1":"product","2":"type-product","3":"status-publish","4":"has-post-thumbnail","6":"product_cat-laufraeder-ausstattung-zubehoer-kleintierwelt","8":"first","9":"instock","10":"taxable","11":"shipping-taxable","12":"purchasable","13":"product-type-simple"},"_links":{"self":[{"href":"https:\/\/all-pets.de\/shop\/wp-json\/wp\/v2\/product\/50298","targetHints":{"allow":["GET"]}}],"collection":[{"href":"https:\/\/all-pets.de\/shop\/wp-json\/wp\/v2\/product"}],"about":[{"href":"https:\/\/all-pets.de\/shop\/wp-json\/wp\/v2\/types\/product"}],"replies":[{"embeddable":true,"href":"https:\/\/all-pets.de\/shop\/wp-json\/wp\/v2\/comments?post=50298"}],"wp:featuredmedia":[{"embeddable":true,"href":"https:\/\/all-pets.de\/shop\/wp-json\/wp\/v2\/media\/5181"}],"wp:attachment":[{"href":"https:\/\/all-pets.de\/shop\/wp-json\/wp\/v2\/media?parent=50298"}],"wp:term":[{"taxonomy":"product_cat","embeddable":true,"href":"https:\/\/all-pets.de\/shop\/wp-json\/wp\/v2\/product_cat?post=50298"},{"taxonomy":"product_tag","embeddable":true,"href":"https:\/\/all-pets.de\/shop\/wp-json\/wp\/v2\/product_tag?post=50298"}],"curies":[{"name":"wp","href":"https:\/\/api.w.org\/{rel}","templated":true}]}}