{"id":50304,"date":"2023-12-12T12:34:37","date_gmt":"2023-12-12T11:34:37","guid":{"rendered":"https:\/\/pet-shopping.de\/shop\/produkt\/karlie-vintage-strass-halsband-violett-4-reihig-65cm-40mm\/"},"modified":"2023-12-12T12:34:37","modified_gmt":"2023-12-12T11:34:37","slug":"karlie-vintage-strass-halsband-violett-4-reihig-65cm-40mm","status":"publish","type":"product","link":"https:\/\/all-pets.de\/shop\/produkt\/karlie-vintage-strass-halsband-violett-4-reihig-65cm-40mm\/","title":{"rendered":"Karlie Vintage Strass-Halsband &#8211; Violett &#8211; 4-reihig, 65cm\/40mm"},"content":{"rendered":"<p>VINTAGE Strasshalsband <\/p>\n<p>Die echte Feinlederserie im angesagten Retrolook, \u00fcppig besetzt mit modischem Strass in glasreiner Qualit\u00e4t. <\/p>\n<p>Das Halsband ist aus weichem Feinleder in bester Verarbeitungsqualit\u00e4t gefertigt. Der Strassbesatz ist sicher zwischen den Lagen des Leders eingen\u00e4ht. Die Steine bestechen durch ihre glasreine Qualit\u00e4t und das feurige Funkeln im Wechselspiel des Lichtes. <\/p>\n<p>&#8211; Feinste Materialen <br \/> &#8211; Funkelnder Strass-Besatz in glasreiner Qualit\u00e4t <br \/> &#8211; Beste Verarbeitung <br \/> &#8211; In Handarbeit in Deutschland hergestellt <br \/> &#8211; Handvern\u00e4ht <br \/> &#8211; Strapazierf\u00e4hig <br \/> &#8211; Rei\u00dffest <br \/> &#8211; Langlebig <br \/> &#8211; Mit Softleder unterlegt <\/p>\n<p>Die Vintage-Reihe umfasst besonders edle Lederleinen und Halsb\u00e4nder in modischen Trendfarben. Alle Leinen und Halsb\u00e4nder dieser Serie sind handvern\u00e4ht unter Verwendung feinster Materialien.<\/p>\n","protected":false},"excerpt":{"rendered":"<p>VINTAGE Strasshalsband Die echte Feinlederserie im angesagten Retrolook, \u00fcppig besetzt mit modischem Strass in glasreiner Qualit\u00e4t. Das Halsband ist aus weichem Feinleder in bester Verarbeitungsqualit\u00e4t gefertigt. Der Strassbesatz ist sicher zwischen den Lagen des Leders eingen\u00e4ht. Die Steine bestechen durch ihre glasreine Qualit\u00e4t und das feurige Funkeln im Wechselspiel des Lichtes. &#8211; Feinste Materialen &#8211; [&hellip;]<\/p>\n","protected":false},"featured_media":50302,"comment_status":"closed","ping_status":"open","template":"","meta":[],"product_cat":[13790],"product_tag":[],"class_list":{"0":"post-50304","1":"product","2":"type-product","3":"status-publish","4":"has-post-thumbnail","6":"product_cat-lederhalsbaender","8":"first","9":"instock","10":"taxable","11":"shipping-taxable","12":"purchasable","13":"product-type-simple"},"_links":{"self":[{"href":"https:\/\/all-pets.de\/shop\/wp-json\/wp\/v2\/product\/50304","targetHints":{"allow":["GET"]}}],"collection":[{"href":"https:\/\/all-pets.de\/shop\/wp-json\/wp\/v2\/product"}],"about":[{"href":"https:\/\/all-pets.de\/shop\/wp-json\/wp\/v2\/types\/product"}],"replies":[{"embeddable":true,"href":"https:\/\/all-pets.de\/shop\/wp-json\/wp\/v2\/comments?post=50304"}],"wp:featuredmedia":[{"embeddable":true,"href":"https:\/\/all-pets.de\/shop\/wp-json\/wp\/v2\/media\/50302"}],"wp:attachment":[{"href":"https:\/\/all-pets.de\/shop\/wp-json\/wp\/v2\/media?parent=50304"}],"wp:term":[{"taxonomy":"product_cat","embeddable":true,"href":"https:\/\/all-pets.de\/shop\/wp-json\/wp\/v2\/product_cat?post=50304"},{"taxonomy":"product_tag","embeddable":true,"href":"https:\/\/all-pets.de\/shop\/wp-json\/wp\/v2\/product_tag?post=50304"}],"curies":[{"name":"wp","href":"https:\/\/api.w.org\/{rel}","templated":true}]}}