{"id":50312,"date":"2023-12-12T12:34:37","date_gmt":"2023-12-12T11:34:37","guid":{"rendered":"https:\/\/pet-shopping.de\/shop\/produkt\/karlie-flamingo-vogelnapf-mit-metallhaken-7-x-55-x-4-cm\/"},"modified":"2023-12-12T12:34:38","modified_gmt":"2023-12-12T11:34:38","slug":"karlie-flamingo-vogelnapf-mit-metallhaken-7-x-55-x-4-cm","status":"publish","type":"product","link":"https:\/\/all-pets.de\/shop\/produkt\/karlie-flamingo-vogelnapf-mit-metallhaken-7-x-55-x-4-cm\/","title":{"rendered":"Karlie Flamingo Vogelnapf mit Metallhaken &#8211; 7 x 5,5 x 4 cm"},"content":{"rendered":"<p>Halbrunder Kunststoffnapf f\u00fcr V\u00f6gel mit Metallhaken zum Einh\u00e4ngen in das K\u00e4fig- oder Volierengitter.<\/p>\n<p>Ma\u00dfe: ca. 7 x 5,5 x 4 cm (BxTxH)<br \/> Farbe: Wei\u00df<\/p>\n","protected":false},"excerpt":{"rendered":"<p>Halbrunder Kunststoffnapf f\u00fcr V\u00f6gel mit Metallhaken zum Einh\u00e4ngen in das K\u00e4fig- oder Volierengitter. Ma\u00dfe: ca. 7 x 5,5 x 4 cm (BxTxH) Farbe: Wei\u00df<\/p>\n","protected":false},"featured_media":5202,"comment_status":"closed","ping_status":"open","template":"","meta":[],"product_cat":[13712],"product_tag":[],"class_list":{"0":"post-50312","1":"product","2":"type-product","3":"status-publish","4":"has-post-thumbnail","6":"product_cat-vogelnaepfe-vogeltraenken","8":"first","9":"instock","10":"taxable","11":"shipping-taxable","12":"purchasable","13":"product-type-simple"},"_links":{"self":[{"href":"https:\/\/all-pets.de\/shop\/wp-json\/wp\/v2\/product\/50312","targetHints":{"allow":["GET"]}}],"collection":[{"href":"https:\/\/all-pets.de\/shop\/wp-json\/wp\/v2\/product"}],"about":[{"href":"https:\/\/all-pets.de\/shop\/wp-json\/wp\/v2\/types\/product"}],"replies":[{"embeddable":true,"href":"https:\/\/all-pets.de\/shop\/wp-json\/wp\/v2\/comments?post=50312"}],"wp:featuredmedia":[{"embeddable":true,"href":"https:\/\/all-pets.de\/shop\/wp-json\/wp\/v2\/media\/5202"}],"wp:attachment":[{"href":"https:\/\/all-pets.de\/shop\/wp-json\/wp\/v2\/media?parent=50312"}],"wp:term":[{"taxonomy":"product_cat","embeddable":true,"href":"https:\/\/all-pets.de\/shop\/wp-json\/wp\/v2\/product_cat?post=50312"},{"taxonomy":"product_tag","embeddable":true,"href":"https:\/\/all-pets.de\/shop\/wp-json\/wp\/v2\/product_tag?post=50312"}],"curies":[{"name":"wp","href":"https:\/\/api.w.org\/{rel}","templated":true}]}}