{"id":50313,"date":"2023-12-12T12:34:37","date_gmt":"2023-12-12T11:34:37","guid":{"rendered":"https:\/\/pet-shopping.de\/shop\/produkt\/trixie-ruckdaempfer-xs-s\/"},"modified":"2023-12-12T12:34:38","modified_gmt":"2023-12-12T11:34:38","slug":"trixie-ruckdaempfer-xs-s","status":"publish","type":"product","link":"https:\/\/all-pets.de\/shop\/produkt\/trixie-ruckdaempfer-xs-s\/","title":{"rendered":"Trixie Ruckd\u00e4mpfer &#8211; XS-S"},"content":{"rendered":"<p>Bei diesem Ruckd\u00e4mpfer handelt es sich um eine Nylon-Kurzleine mit integriertem Elastikband. Der Ruckd\u00e4mpfer wird einfach zwischen Halsband und Leine befestigt und federt dort ein ruckartiges Ziehen des Hundes ab, was die Gelenke und die Wirbels\u00e4ule von Mensch und Tier schont.<\/p>\n<p>Der Ruckd\u00e4mpfer eignet sich auch ideal f\u00fcr das Laufen am Fahrrad.<\/p>\n<p>Farbe: Schwarz<br \/> Gr\u00f6\u00dfe XS-S: 16 cm x 10 mm (L\u00e4nge x Breite)<\/p>\n","protected":false},"excerpt":{"rendered":"<p>Bei diesem Ruckd\u00e4mpfer handelt es sich um eine Nylon-Kurzleine mit integriertem Elastikband. Der Ruckd\u00e4mpfer wird einfach zwischen Halsband und Leine befestigt und federt dort ein ruckartiges Ziehen des Hundes ab, was die Gelenke und die Wirbels\u00e4ule von Mensch und Tier schont. Der Ruckd\u00e4mpfer eignet sich auch ideal f\u00fcr das Laufen am Fahrrad. Farbe: Schwarz Gr\u00f6\u00dfe [&hellip;]<\/p>\n","protected":false},"featured_media":5244,"comment_status":"closed","ping_status":"open","template":"","meta":[],"product_cat":[15391],"product_tag":[],"class_list":{"0":"post-50313","1":"product","2":"type-product","3":"status-publish","4":"has-post-thumbnail","6":"product_cat-rad-und-joggingzubehoer-reise-transport-erziehungs-hilfenhundewelt-halsbaender-leinen-koppeln-ansatzkettenhundewelt-halsbaender-leinen-nylonleinenhundewelt","8":"first","9":"instock","10":"taxable","11":"shipping-taxable","12":"purchasable","13":"product-type-simple"},"_links":{"self":[{"href":"https:\/\/all-pets.de\/shop\/wp-json\/wp\/v2\/product\/50313","targetHints":{"allow":["GET"]}}],"collection":[{"href":"https:\/\/all-pets.de\/shop\/wp-json\/wp\/v2\/product"}],"about":[{"href":"https:\/\/all-pets.de\/shop\/wp-json\/wp\/v2\/types\/product"}],"replies":[{"embeddable":true,"href":"https:\/\/all-pets.de\/shop\/wp-json\/wp\/v2\/comments?post=50313"}],"wp:featuredmedia":[{"embeddable":true,"href":"https:\/\/all-pets.de\/shop\/wp-json\/wp\/v2\/media\/5244"}],"wp:attachment":[{"href":"https:\/\/all-pets.de\/shop\/wp-json\/wp\/v2\/media?parent=50313"}],"wp:term":[{"taxonomy":"product_cat","embeddable":true,"href":"https:\/\/all-pets.de\/shop\/wp-json\/wp\/v2\/product_cat?post=50313"},{"taxonomy":"product_tag","embeddable":true,"href":"https:\/\/all-pets.de\/shop\/wp-json\/wp\/v2\/product_tag?post=50313"}],"curies":[{"name":"wp","href":"https:\/\/api.w.org\/{rel}","templated":true}]}}