{"id":50317,"date":"2023-12-12T12:34:40","date_gmt":"2023-12-12T11:34:40","guid":{"rendered":"https:\/\/pet-shopping.de\/shop\/produkt\/trixie-kissen-talis-mint-110-x-80-cm\/"},"modified":"2023-12-12T12:34:40","modified_gmt":"2023-12-12T11:34:40","slug":"trixie-kissen-talis-mint-110-x-80-cm","status":"publish","type":"product","link":"https:\/\/all-pets.de\/shop\/produkt\/trixie-kissen-talis-mint-110-x-80-cm\/","title":{"rendered":"Trixie Kissen Talis &#8211; mint &#8211; 110 x 80 cm"},"content":{"rendered":"<ul>\n<li>Webstoff<\/li>\n<li>Polyester-Bezug (bei 40\u00b0C waschbar)<\/li>\n<li>Polyestervlies-F\u00fcllung, 8\u201312 cm<\/li>\n<li>Bezug abnehmbar<\/li>\n<li>rutschfester Boden<\/li>\n<li>Inlett: Handw\u00e4sche<\/li>\n<li>Farbe: mint<\/li>\n<li>Ma\u00dfe: ca. 110 \u00d7 80 cm<\/li>\n<\/ul>\n","protected":false},"excerpt":{"rendered":"<p>Webstoff Polyester-Bezug (bei 40\u00b0C waschbar) Polyestervlies-F\u00fcllung, 8\u201312 cm Bezug abnehmbar rutschfester Boden Inlett: Handw\u00e4sche Farbe: mint Ma\u00dfe: ca. 110 \u00d7 80 cm<\/p>\n","protected":false},"featured_media":50318,"comment_status":"closed","ping_status":"open","template":"","meta":[],"product_cat":[15113],"product_tag":[],"class_list":{"0":"post-50317","1":"product","2":"type-product","3":"status-publish","4":"has-post-thumbnail","6":"product_cat-hundebetten-hundekissen-betten-koerbe","8":"first","9":"instock","10":"taxable","11":"shipping-taxable","12":"purchasable","13":"product-type-simple"},"_links":{"self":[{"href":"https:\/\/all-pets.de\/shop\/wp-json\/wp\/v2\/product\/50317","targetHints":{"allow":["GET"]}}],"collection":[{"href":"https:\/\/all-pets.de\/shop\/wp-json\/wp\/v2\/product"}],"about":[{"href":"https:\/\/all-pets.de\/shop\/wp-json\/wp\/v2\/types\/product"}],"replies":[{"embeddable":true,"href":"https:\/\/all-pets.de\/shop\/wp-json\/wp\/v2\/comments?post=50317"}],"wp:featuredmedia":[{"embeddable":true,"href":"https:\/\/all-pets.de\/shop\/wp-json\/wp\/v2\/media\/50318"}],"wp:attachment":[{"href":"https:\/\/all-pets.de\/shop\/wp-json\/wp\/v2\/media?parent=50317"}],"wp:term":[{"taxonomy":"product_cat","embeddable":true,"href":"https:\/\/all-pets.de\/shop\/wp-json\/wp\/v2\/product_cat?post=50317"},{"taxonomy":"product_tag","embeddable":true,"href":"https:\/\/all-pets.de\/shop\/wp-json\/wp\/v2\/product_tag?post=50317"}],"curies":[{"name":"wp","href":"https:\/\/api.w.org\/{rel}","templated":true}]}}