{"id":50325,"date":"2023-12-12T12:34:40","date_gmt":"2023-12-12T11:34:40","guid":{"rendered":"https:\/\/pet-shopping.de\/shop\/produkt\/trixie-bett-lona-rosa-grau-60-x-50-cm\/"},"modified":"2023-12-12T12:34:41","modified_gmt":"2023-12-12T11:34:41","slug":"trixie-bett-lona-rosa-grau-60-x-50-cm","status":"publish","type":"product","link":"https:\/\/all-pets.de\/shop\/produkt\/trixie-bett-lona-rosa-grau-60-x-50-cm\/","title":{"rendered":"Trixie Bett Lona &#8211; rosa\/grau &#8211; 60 x 50 cm"},"content":{"rendered":"<ul>\n<li>Webstoff<\/li>\n<li>Polyester-Bezug (bei 40\u00b0C waschbar)<\/li>\n<li>Polyestervlies-F\u00fcllung<\/li>\n<li>formstabil durch hohe F\u00fclldichte<\/li>\n<li>mit Wendekissen<\/li>\n<li>Bez\u00fcge abnehmbar<\/li>\n<li>rutschfester Boden<\/li>\n<li>Farbe: rosa\/grau<\/li>\n<li>Inlett: Handw\u00e4sche<\/li>\n<li>Ma\u00dfe: ca. 60 x 50 cm<\/li>\n<\/ul>\n","protected":false},"excerpt":{"rendered":"<p>Webstoff Polyester-Bezug (bei 40\u00b0C waschbar) Polyestervlies-F\u00fcllung formstabil durch hohe F\u00fclldichte mit Wendekissen Bez\u00fcge abnehmbar rutschfester Boden Farbe: rosa\/grau Inlett: Handw\u00e4sche Ma\u00dfe: ca. 60 x 50 cm<\/p>\n","protected":false},"featured_media":50322,"comment_status":"closed","ping_status":"open","template":"","meta":[],"product_cat":[15113],"product_tag":[],"class_list":{"0":"post-50325","1":"product","2":"type-product","3":"status-publish","4":"has-post-thumbnail","6":"product_cat-hundebetten-hundekissen-betten-koerbe","8":"first","9":"instock","10":"taxable","11":"shipping-taxable","12":"purchasable","13":"product-type-simple"},"_links":{"self":[{"href":"https:\/\/all-pets.de\/shop\/wp-json\/wp\/v2\/product\/50325","targetHints":{"allow":["GET"]}}],"collection":[{"href":"https:\/\/all-pets.de\/shop\/wp-json\/wp\/v2\/product"}],"about":[{"href":"https:\/\/all-pets.de\/shop\/wp-json\/wp\/v2\/types\/product"}],"replies":[{"embeddable":true,"href":"https:\/\/all-pets.de\/shop\/wp-json\/wp\/v2\/comments?post=50325"}],"wp:featuredmedia":[{"embeddable":true,"href":"https:\/\/all-pets.de\/shop\/wp-json\/wp\/v2\/media\/50322"}],"wp:attachment":[{"href":"https:\/\/all-pets.de\/shop\/wp-json\/wp\/v2\/media?parent=50325"}],"wp:term":[{"taxonomy":"product_cat","embeddable":true,"href":"https:\/\/all-pets.de\/shop\/wp-json\/wp\/v2\/product_cat?post=50325"},{"taxonomy":"product_tag","embeddable":true,"href":"https:\/\/all-pets.de\/shop\/wp-json\/wp\/v2\/product_tag?post=50325"}],"curies":[{"name":"wp","href":"https:\/\/api.w.org\/{rel}","templated":true}]}}