{"id":50332,"date":"2023-12-12T12:34:40","date_gmt":"2023-12-12T11:34:40","guid":{"rendered":"https:\/\/pet-shopping.de\/shop\/produkt\/trixie-napf-aus-emaille-edelstahl-ready-for-adventure-19-l-o-21-cm\/"},"modified":"2023-12-12T12:34:42","modified_gmt":"2023-12-12T11:34:42","slug":"trixie-napf-aus-emaille-edelstahl-ready-for-adventure-19-l-o-21-cm","status":"publish","type":"product","link":"https:\/\/all-pets.de\/shop\/produkt\/trixie-napf-aus-emaille-edelstahl-ready-for-adventure-19-l-o-21-cm\/","title":{"rendered":"Trixie Napf aus Emaille\/Edelstahl &#8211; ready for adventure &#8211; 1,9 l\/\u00f8 21 cm"},"content":{"rendered":"<ul>\n<li>rutschfest durch Silikonpunkte<\/li>\n<li>aus Emaille und Edelstahl<\/li>\n<li>sp\u00fclmaschinengeeignet<\/li>\n<li>Farbe: gr\u00fcn<\/li>\n<li>Fassungsverm\u00f6gen: ca. 1,9 L<\/li>\n<li>Durchmesser: ca. 21 cm<\/li>\n<li>H\u00f6he: ca. 7 cm<\/li>\n<\/ul>\n","protected":false},"excerpt":{"rendered":"<p>rutschfest durch Silikonpunkte aus Emaille und Edelstahl sp\u00fclmaschinengeeignet Farbe: gr\u00fcn Fassungsverm\u00f6gen: ca. 1,9 L Durchmesser: ca. 21 cm H\u00f6he: ca. 7 cm<\/p>\n","protected":false},"featured_media":50328,"comment_status":"closed","ping_status":"open","template":"","meta":[],"product_cat":[14361],"product_tag":[],"class_list":{"0":"post-50332","1":"product","2":"type-product","3":"status-publish","4":"has-post-thumbnail","6":"product_cat-futter-wassernaepfe-hundenaepfe-traenken","8":"first","9":"instock","10":"taxable","11":"shipping-taxable","12":"purchasable","13":"product-type-simple"},"_links":{"self":[{"href":"https:\/\/all-pets.de\/shop\/wp-json\/wp\/v2\/product\/50332","targetHints":{"allow":["GET"]}}],"collection":[{"href":"https:\/\/all-pets.de\/shop\/wp-json\/wp\/v2\/product"}],"about":[{"href":"https:\/\/all-pets.de\/shop\/wp-json\/wp\/v2\/types\/product"}],"replies":[{"embeddable":true,"href":"https:\/\/all-pets.de\/shop\/wp-json\/wp\/v2\/comments?post=50332"}],"wp:featuredmedia":[{"embeddable":true,"href":"https:\/\/all-pets.de\/shop\/wp-json\/wp\/v2\/media\/50328"}],"wp:attachment":[{"href":"https:\/\/all-pets.de\/shop\/wp-json\/wp\/v2\/media?parent=50332"}],"wp:term":[{"taxonomy":"product_cat","embeddable":true,"href":"https:\/\/all-pets.de\/shop\/wp-json\/wp\/v2\/product_cat?post=50332"},{"taxonomy":"product_tag","embeddable":true,"href":"https:\/\/all-pets.de\/shop\/wp-json\/wp\/v2\/product_tag?post=50332"}],"curies":[{"name":"wp","href":"https:\/\/api.w.org\/{rel}","templated":true}]}}