{"id":50333,"date":"2023-12-12T12:34:40","date_gmt":"2023-12-12T11:34:40","guid":{"rendered":"https:\/\/pet-shopping.de\/shop\/produkt\/trixie-be-nordic-kissen-foehr-dunkelblau-120-x-90-cm\/"},"modified":"2023-12-12T12:34:42","modified_gmt":"2023-12-12T11:34:42","slug":"trixie-be-nordic-kissen-foehr-dunkelblau-120-x-90-cm","status":"publish","type":"product","link":"https:\/\/all-pets.de\/shop\/produkt\/trixie-be-nordic-kissen-foehr-dunkelblau-120-x-90-cm\/","title":{"rendered":"Trixie BE NORDIC Kissen F\u00f6hr &#8211; dunkelblau &#8211; 120 x 90 cm"},"content":{"rendered":"<ul>\n<li>Canvas-Haptik<\/li>\n<li>Baumwoll-\/Polyester-Bezug<\/li>\n<li>18\u201320 cm Silikon-\/Schaumstoffflocken-F\u00fcllung<\/li>\n<li>robust und hochwertig<\/li>\n<li>Bezug abnehmbar<\/li>\n<li>rutschfester Boden<\/li>\n<li>hergestellt in der EU<\/li>\n<li>Bezug bei 40\u00b0 C waschbar<\/li>\n<li>Inlett Handw\u00e4sche<\/li>\n<li>Farbe: dunkelblau<\/li>\n<li>Gr\u00f6\u00dfe: ca. 120 x 90 cm<\/li>\n<\/ul>\n","protected":false},"excerpt":{"rendered":"<p>Canvas-Haptik Baumwoll-\/Polyester-Bezug 18\u201320 cm Silikon-\/Schaumstoffflocken-F\u00fcllung robust und hochwertig Bezug abnehmbar rutschfester Boden hergestellt in der EU Bezug bei 40\u00b0 C waschbar Inlett Handw\u00e4sche Farbe: dunkelblau Gr\u00f6\u00dfe: ca. 120 x 90 cm<\/p>\n","protected":false},"featured_media":50334,"comment_status":"closed","ping_status":"open","template":"","meta":[],"product_cat":[15113],"product_tag":[],"class_list":{"0":"post-50333","1":"product","2":"type-product","3":"status-publish","4":"has-post-thumbnail","6":"product_cat-hundebetten-hundekissen-betten-koerbe","8":"first","9":"instock","10":"taxable","11":"shipping-taxable","12":"purchasable","13":"product-type-simple"},"_links":{"self":[{"href":"https:\/\/all-pets.de\/shop\/wp-json\/wp\/v2\/product\/50333","targetHints":{"allow":["GET"]}}],"collection":[{"href":"https:\/\/all-pets.de\/shop\/wp-json\/wp\/v2\/product"}],"about":[{"href":"https:\/\/all-pets.de\/shop\/wp-json\/wp\/v2\/types\/product"}],"replies":[{"embeddable":true,"href":"https:\/\/all-pets.de\/shop\/wp-json\/wp\/v2\/comments?post=50333"}],"wp:featuredmedia":[{"embeddable":true,"href":"https:\/\/all-pets.de\/shop\/wp-json\/wp\/v2\/media\/50334"}],"wp:attachment":[{"href":"https:\/\/all-pets.de\/shop\/wp-json\/wp\/v2\/media?parent=50333"}],"wp:term":[{"taxonomy":"product_cat","embeddable":true,"href":"https:\/\/all-pets.de\/shop\/wp-json\/wp\/v2\/product_cat?post=50333"},{"taxonomy":"product_tag","embeddable":true,"href":"https:\/\/all-pets.de\/shop\/wp-json\/wp\/v2\/product_tag?post=50333"}],"curies":[{"name":"wp","href":"https:\/\/api.w.org\/{rel}","templated":true}]}}