{"id":50352,"date":"2023-12-12T12:34:48","date_gmt":"2023-12-12T11:34:48","guid":{"rendered":"https:\/\/pet-shopping.de\/shop\/produkt\/lebon-hundebett-paula-3-120-x-90cm-dunkelbraun\/"},"modified":"2023-12-12T12:34:48","modified_gmt":"2023-12-12T11:34:48","slug":"lebon-hundebett-paula-3-120-x-90cm-dunkelbraun","status":"publish","type":"product","link":"https:\/\/all-pets.de\/shop\/produkt\/lebon-hundebett-paula-3-120-x-90cm-dunkelbraun\/","title":{"rendered":"Lebon Hundebett Paula 3 &#8211; 120 x 90cm &#8211; Dunkelbraun"},"content":{"rendered":"<p>Die robusten Hundebetten &#8222;Paula&#8220; bieten Ihrem Liebling einen schonenden und gem\u00fctlichen Liegeplatz.<\/p>\n<p>Durch den eleganten Einstieg und die edle wei\u00dfe Umradung ist dieses Bett ein absoluter Hingucker.<\/p>\n<ul>\n<li>Besonders strapazierf\u00e4higes Nylonmaterial <\/li>\n<li>Geeignet f\u00fcr innen und au\u00dfen<\/li>\n<li>Schmutz- &#038; wasserabweisend<\/li>\n<li>Stabil und formbest\u00e4ndig<\/li>\n<li>Maschinenwaschbar (40\u00b0C)<\/li>\n<li>Sehr pflegeleicht<\/li>\n<li>Bezug leicht abwaschbar<\/li>\n<li>Mit Rei\u00dfverschluss  <\/li>\n<\/ul>\n<p>Au\u00dfenma\u00dfe: ca. 120 x 90cm<\/p>\n<p>Innenma\u00dfe: ca. 84 x 55cm<\/p>\n<p>H\u00f6he: ca. 23cm<\/p>\n<p>Farbe: Braun<\/p>\n","protected":false},"excerpt":{"rendered":"<p>Die robusten Hundebetten &#8222;Paula&#8220; bieten Ihrem Liebling einen schonenden und gem\u00fctlichen Liegeplatz. Durch den eleganten Einstieg und die edle wei\u00dfe Umradung ist dieses Bett ein absoluter Hingucker. Besonders strapazierf\u00e4higes Nylonmaterial Geeignet f\u00fcr innen und au\u00dfen Schmutz- &#038; wasserabweisend Stabil und formbest\u00e4ndig Maschinenwaschbar (40\u00b0C) Sehr pflegeleicht Bezug leicht abwaschbar Mit Rei\u00dfverschluss Au\u00dfenma\u00dfe: ca. 120 x 90cm [&hellip;]<\/p>\n","protected":false},"featured_media":5463,"comment_status":"closed","ping_status":"open","template":"","meta":[],"product_cat":[15113],"product_tag":[],"class_list":{"0":"post-50352","1":"product","2":"type-product","3":"status-publish","4":"has-post-thumbnail","6":"product_cat-hundebetten-hundekissen-betten-koerbe","8":"first","9":"instock","10":"taxable","11":"shipping-taxable","12":"purchasable","13":"product-type-simple"},"_links":{"self":[{"href":"https:\/\/all-pets.de\/shop\/wp-json\/wp\/v2\/product\/50352","targetHints":{"allow":["GET"]}}],"collection":[{"href":"https:\/\/all-pets.de\/shop\/wp-json\/wp\/v2\/product"}],"about":[{"href":"https:\/\/all-pets.de\/shop\/wp-json\/wp\/v2\/types\/product"}],"replies":[{"embeddable":true,"href":"https:\/\/all-pets.de\/shop\/wp-json\/wp\/v2\/comments?post=50352"}],"wp:featuredmedia":[{"embeddable":true,"href":"https:\/\/all-pets.de\/shop\/wp-json\/wp\/v2\/media\/5463"}],"wp:attachment":[{"href":"https:\/\/all-pets.de\/shop\/wp-json\/wp\/v2\/media?parent=50352"}],"wp:term":[{"taxonomy":"product_cat","embeddable":true,"href":"https:\/\/all-pets.de\/shop\/wp-json\/wp\/v2\/product_cat?post=50352"},{"taxonomy":"product_tag","embeddable":true,"href":"https:\/\/all-pets.de\/shop\/wp-json\/wp\/v2\/product_tag?post=50352"}],"curies":[{"name":"wp","href":"https:\/\/api.w.org\/{rel}","templated":true}]}}