{"id":50365,"date":"2023-12-12T12:34:50","date_gmt":"2023-12-12T11:34:50","guid":{"rendered":"https:\/\/pet-shopping.de\/shop\/produkt\/karlie-rondo-windhund-halsband-schwarz-40cm-50mm\/"},"modified":"2023-12-12T12:34:50","modified_gmt":"2023-12-12T11:34:50","slug":"karlie-rondo-windhund-halsband-schwarz-40cm-50mm","status":"publish","type":"product","link":"https:\/\/all-pets.de\/shop\/produkt\/karlie-rondo-windhund-halsband-schwarz-40cm-50mm\/","title":{"rendered":"Karlie Rondo Windhund-Halsband &#8211; Schwarz &#8211; 40cm\/50mm"},"content":{"rendered":"<ul class=\"a-unordered-list a-vertical a-spacing-mini\">\n<li><span class=\"a-list-item\"> Aus hochwertigem Vollleder mit sehr griffiger Oberfl\u00e4chenhaptik<\/span><\/li>\n<li><span class=\"a-list-item\"> Robust und widerstandsf\u00e4hig<\/span><\/li>\n<li><span class=\"a-list-item\"> Leicht zu reinigen und zu pflegen<\/span><\/li>\n<li><span class=\"a-list-item\"> Mit weichem Nappaleder unterlegt<\/span><\/li>\n<li><span class=\"a-list-item\">Farbe: Schwarz, braun unterlegt<\/span><\/li>\n<li><span class=\"a-list-item\">Gesamtl\u00e4nge\/Breite: ca. 40cm\/50mm<\/span><\/li>\n<li><span class=\"a-list-item\">verstellbar ca. von 29,5 bis 35,5 cm<br \/><\/span><\/li>\n<\/ul>\n","protected":false},"excerpt":{"rendered":"<p>Aus hochwertigem Vollleder mit sehr griffiger Oberfl\u00e4chenhaptik Robust und widerstandsf\u00e4hig Leicht zu reinigen und zu pflegen Mit weichem Nappaleder unterlegt Farbe: Schwarz, braun unterlegt Gesamtl\u00e4nge\/Breite: ca. 40cm\/50mm verstellbar ca. von 29,5 bis 35,5 cm<\/p>\n","protected":false},"featured_media":50366,"comment_status":"closed","ping_status":"open","template":"","meta":[],"product_cat":[13790],"product_tag":[],"class_list":{"0":"post-50365","1":"product","2":"type-product","3":"status-publish","4":"has-post-thumbnail","6":"product_cat-lederhalsbaender","8":"first","9":"instock","10":"taxable","11":"shipping-taxable","12":"purchasable","13":"product-type-simple"},"_links":{"self":[{"href":"https:\/\/all-pets.de\/shop\/wp-json\/wp\/v2\/product\/50365","targetHints":{"allow":["GET"]}}],"collection":[{"href":"https:\/\/all-pets.de\/shop\/wp-json\/wp\/v2\/product"}],"about":[{"href":"https:\/\/all-pets.de\/shop\/wp-json\/wp\/v2\/types\/product"}],"replies":[{"embeddable":true,"href":"https:\/\/all-pets.de\/shop\/wp-json\/wp\/v2\/comments?post=50365"}],"wp:featuredmedia":[{"embeddable":true,"href":"https:\/\/all-pets.de\/shop\/wp-json\/wp\/v2\/media\/50366"}],"wp:attachment":[{"href":"https:\/\/all-pets.de\/shop\/wp-json\/wp\/v2\/media?parent=50365"}],"wp:term":[{"taxonomy":"product_cat","embeddable":true,"href":"https:\/\/all-pets.de\/shop\/wp-json\/wp\/v2\/product_cat?post=50365"},{"taxonomy":"product_tag","embeddable":true,"href":"https:\/\/all-pets.de\/shop\/wp-json\/wp\/v2\/product_tag?post=50365"}],"curies":[{"name":"wp","href":"https:\/\/api.w.org\/{rel}","templated":true}]}}