{"id":50369,"date":"2023-12-12T12:34:50","date_gmt":"2023-12-12T11:34:50","guid":{"rendered":"https:\/\/pet-shopping.de\/shop\/produkt\/karlie-rondo-windhund-halsband-schwarz-45cm-55mm\/"},"modified":"2023-12-12T12:34:51","modified_gmt":"2023-12-12T11:34:51","slug":"karlie-rondo-windhund-halsband-schwarz-45cm-55mm","status":"publish","type":"product","link":"https:\/\/all-pets.de\/shop\/produkt\/karlie-rondo-windhund-halsband-schwarz-45cm-55mm\/","title":{"rendered":"Karlie Rondo Windhund-Halsband &#8211; Schwarz &#8211; 45cm\/55mm"},"content":{"rendered":"<ul class=\"a-unordered-list a-vertical a-spacing-mini\">\n<li><span class=\"a-list-item\"> Aus hochwertigem Vollleder mit sehr griffiger Oberfl\u00e4chenhaptik<\/span><\/li>\n<li><span class=\"a-list-item\"> Robust und widerstandsf\u00e4hig<\/span><\/li>\n<li><span class=\"a-list-item\"> Leicht zu reinigen und zu pflegen<\/span><\/li>\n<li><span class=\"a-list-item\"> Mit weichem Nappaleder unterlegt<\/span><\/li>\n<li><span class=\"a-list-item\">Farbe: Schwarz, braun unterlegt<\/span><\/li>\n<li><span class=\"a-list-item\">Gesamtl\u00e4nge\/Breite: ca. 45cm\/55mm<\/span><\/li>\n<li><span class=\"a-list-item\">verstellbar ca. von 34,5 bis 40 cm<\/span><\/li>\n<\/ul>\n","protected":false},"excerpt":{"rendered":"<p>Aus hochwertigem Vollleder mit sehr griffiger Oberfl\u00e4chenhaptik Robust und widerstandsf\u00e4hig Leicht zu reinigen und zu pflegen Mit weichem Nappaleder unterlegt Farbe: Schwarz, braun unterlegt Gesamtl\u00e4nge\/Breite: ca. 45cm\/55mm verstellbar ca. von 34,5 bis 40 cm<\/p>\n","protected":false},"featured_media":50366,"comment_status":"closed","ping_status":"open","template":"","meta":[],"product_cat":[13790],"product_tag":[],"class_list":{"0":"post-50369","1":"product","2":"type-product","3":"status-publish","4":"has-post-thumbnail","6":"product_cat-lederhalsbaender","8":"first","9":"instock","10":"taxable","11":"shipping-taxable","12":"purchasable","13":"product-type-simple"},"_links":{"self":[{"href":"https:\/\/all-pets.de\/shop\/wp-json\/wp\/v2\/product\/50369","targetHints":{"allow":["GET"]}}],"collection":[{"href":"https:\/\/all-pets.de\/shop\/wp-json\/wp\/v2\/product"}],"about":[{"href":"https:\/\/all-pets.de\/shop\/wp-json\/wp\/v2\/types\/product"}],"replies":[{"embeddable":true,"href":"https:\/\/all-pets.de\/shop\/wp-json\/wp\/v2\/comments?post=50369"}],"wp:featuredmedia":[{"embeddable":true,"href":"https:\/\/all-pets.de\/shop\/wp-json\/wp\/v2\/media\/50366"}],"wp:attachment":[{"href":"https:\/\/all-pets.de\/shop\/wp-json\/wp\/v2\/media?parent=50369"}],"wp:term":[{"taxonomy":"product_cat","embeddable":true,"href":"https:\/\/all-pets.de\/shop\/wp-json\/wp\/v2\/product_cat?post=50369"},{"taxonomy":"product_tag","embeddable":true,"href":"https:\/\/all-pets.de\/shop\/wp-json\/wp\/v2\/product_tag?post=50369"}],"curies":[{"name":"wp","href":"https:\/\/api.w.org\/{rel}","templated":true}]}}