{"id":50375,"date":"2023-12-12T12:34:50","date_gmt":"2023-12-12T11:34:50","guid":{"rendered":"https:\/\/pet-shopping.de\/shop\/produkt\/karlie-buffalo-halsband-hellgruen-50cm-30mm\/"},"modified":"2023-12-12T12:34:51","modified_gmt":"2023-12-12T11:34:51","slug":"karlie-buffalo-halsband-hellgruen-50cm-30mm","status":"publish","type":"product","link":"https:\/\/all-pets.de\/shop\/produkt\/karlie-buffalo-halsband-hellgruen-50cm-30mm\/","title":{"rendered":"Karlie Buffalo Halsband &#8211; Hellgr\u00fcn &#8211; 50cm \/ 30mm"},"content":{"rendered":"<ul>\n<li><font face=\"verdana\"><font size=\"2\">Obermaterial: farbiges Kalbsleder<\/font><\/font><\/li>\n<li><font face=\"verdana\"><font size=\"2\">Futter: farbiges Kalbsleder<\/font><\/font><\/li>\n<li><font face=\"verdana\"><font size=\"2\">in Handarbeit vern\u00e4ht<\/font><\/font><\/li>\n<li><font face=\"verdana\"><font size=\"2\">geriegelt, abgen\u00e4ht, gebuggt<\/font><\/font><\/li>\n<li><font face=\"verdana\"><font size=\"2\">wasserabweisend<\/font><\/font><\/li>\n<li><font face=\"verdana\"><font size=\"2\">verchromte Beschl\u00e4ge<\/font><\/font><\/li>\n<li><font face=\"verdana\"><font size=\"2\">produziert in Deutschland &#8211; Made in Germany<\/font><\/font><\/li>\n<li><font face=\"verdana\"><font size=\"2\">hochwertig verarbeitet, hervorragende Qualit\u00e4t<\/font><\/font><\/li>\n<li><font face=\"verdana\"><font size=\"2\">Farbe: hellgr\u00fcn<\/font><\/font><\/li>\n<li><font face=\"verdana\"><font size=\"2\">Gesamtl\u00e4nge: ca. 50 cm<\/font><\/font><\/li>\n<li><font face=\"verdana\"><font size=\"2\">Breite: ca. 30 mm<\/font><\/font><\/li>\n<\/ul>\n","protected":false},"excerpt":{"rendered":"<p>Obermaterial: farbiges Kalbsleder Futter: farbiges Kalbsleder in Handarbeit vern\u00e4ht geriegelt, abgen\u00e4ht, gebuggt wasserabweisend verchromte Beschl\u00e4ge produziert in Deutschland &#8211; Made in Germany hochwertig verarbeitet, hervorragende Qualit\u00e4t Farbe: hellgr\u00fcn Gesamtl\u00e4nge: ca. 50 cm Breite: ca. 30 mm<\/p>\n","protected":false},"featured_media":50376,"comment_status":"closed","ping_status":"open","template":"","meta":[],"product_cat":[13790],"product_tag":[],"class_list":{"0":"post-50375","1":"product","2":"type-product","3":"status-publish","4":"has-post-thumbnail","6":"product_cat-lederhalsbaender","8":"first","9":"instock","10":"taxable","11":"shipping-taxable","12":"purchasable","13":"product-type-simple"},"_links":{"self":[{"href":"https:\/\/all-pets.de\/shop\/wp-json\/wp\/v2\/product\/50375","targetHints":{"allow":["GET"]}}],"collection":[{"href":"https:\/\/all-pets.de\/shop\/wp-json\/wp\/v2\/product"}],"about":[{"href":"https:\/\/all-pets.de\/shop\/wp-json\/wp\/v2\/types\/product"}],"replies":[{"embeddable":true,"href":"https:\/\/all-pets.de\/shop\/wp-json\/wp\/v2\/comments?post=50375"}],"wp:featuredmedia":[{"embeddable":true,"href":"https:\/\/all-pets.de\/shop\/wp-json\/wp\/v2\/media\/50376"}],"wp:attachment":[{"href":"https:\/\/all-pets.de\/shop\/wp-json\/wp\/v2\/media?parent=50375"}],"wp:term":[{"taxonomy":"product_cat","embeddable":true,"href":"https:\/\/all-pets.de\/shop\/wp-json\/wp\/v2\/product_cat?post=50375"},{"taxonomy":"product_tag","embeddable":true,"href":"https:\/\/all-pets.de\/shop\/wp-json\/wp\/v2\/product_tag?post=50375"}],"curies":[{"name":"wp","href":"https:\/\/api.w.org\/{rel}","templated":true}]}}