{"id":50382,"date":"2023-12-12T12:34:52","date_gmt":"2023-12-12T11:34:52","guid":{"rendered":"https:\/\/pet-shopping.de\/shop\/produkt\/pet-star-transport-huette-grau-90-x-61-x-65cm\/"},"modified":"2023-12-12T12:34:53","modified_gmt":"2023-12-12T11:34:53","slug":"pet-star-transport-huette-grau-90-x-61-x-65cm","status":"publish","type":"product","link":"https:\/\/all-pets.de\/shop\/produkt\/pet-star-transport-huette-grau-90-x-61-x-65cm\/","title":{"rendered":"Pet-Star Transport-H\u00fctte, grau &#8211; 90 x 61 x 65cm"},"content":{"rendered":"<p>Leichte Transportbox mit einem starken Metallrahmen und stabilem Nylonbezug. Die Box verf\u00fcgt sowohl \u00fcber einen Eingang an der kurzen als auch auf einer langen Seite sowie von oben. Dadurch ist die H\u00fctte vielseitig einsetzbar. Die Ecken der Box sind zus\u00e4tzlich verst\u00e4rkt. Das verbaute Netzgewebe sorgt f\u00fcr Licht und eine gute Luftzirkulation.<\/p>\n<p>Die Transporth\u00fctte ist mit zwei Tragegriffen versehen, besitzt ein Aufbewahrungsfach auf der Oberseite und eine abnehmbare Tasche an der Seite. Ideal f\u00fcr unterwegs, im Auto, beim Camping oder zu Hause.<\/p>\n<p>Gr\u00f6\u00dfe: ca. 90 x 61 x 65 cm (LxBxH)<\/p>\n<p>Farbe: grau<\/p>\n","protected":false},"excerpt":{"rendered":"<p>Leichte Transportbox mit einem starken Metallrahmen und stabilem Nylonbezug. Die Box verf\u00fcgt sowohl \u00fcber einen Eingang an der kurzen als auch auf einer langen Seite sowie von oben. Dadurch ist die H\u00fctte vielseitig einsetzbar. Die Ecken der Box sind zus\u00e4tzlich verst\u00e4rkt. Das verbaute Netzgewebe sorgt f\u00fcr Licht und eine gute Luftzirkulation. Die Transporth\u00fctte ist mit [&hellip;]<\/p>\n","protected":false},"featured_media":5645,"comment_status":"closed","ping_status":"open","template":"","meta":[],"product_cat":[15395],"product_tag":[],"class_list":{"0":"post-50382","1":"product","2":"type-product","3":"status-publish","4":"has-post-thumbnail","6":"product_cat-transportboxen-reise-transport-falthuettenhundewelt-katzentransport-reise-falthuettenkatzenwelt-reise-transport","8":"first","9":"instock","10":"taxable","11":"shipping-taxable","12":"purchasable","13":"product-type-simple"},"_links":{"self":[{"href":"https:\/\/all-pets.de\/shop\/wp-json\/wp\/v2\/product\/50382","targetHints":{"allow":["GET"]}}],"collection":[{"href":"https:\/\/all-pets.de\/shop\/wp-json\/wp\/v2\/product"}],"about":[{"href":"https:\/\/all-pets.de\/shop\/wp-json\/wp\/v2\/types\/product"}],"replies":[{"embeddable":true,"href":"https:\/\/all-pets.de\/shop\/wp-json\/wp\/v2\/comments?post=50382"}],"wp:featuredmedia":[{"embeddable":true,"href":"https:\/\/all-pets.de\/shop\/wp-json\/wp\/v2\/media\/5645"}],"wp:attachment":[{"href":"https:\/\/all-pets.de\/shop\/wp-json\/wp\/v2\/media?parent=50382"}],"wp:term":[{"taxonomy":"product_cat","embeddable":true,"href":"https:\/\/all-pets.de\/shop\/wp-json\/wp\/v2\/product_cat?post=50382"},{"taxonomy":"product_tag","embeddable":true,"href":"https:\/\/all-pets.de\/shop\/wp-json\/wp\/v2\/product_tag?post=50382"}],"curies":[{"name":"wp","href":"https:\/\/api.w.org\/{rel}","templated":true}]}}