{"id":50388,"date":"2023-12-12T12:34:55","date_gmt":"2023-12-12T11:34:55","guid":{"rendered":"https:\/\/pet-shopping.de\/shop\/produkt\/karlie-flamingo-professional-entfilzungskamm-mit-geraden-klingen-gross-12-klingen\/"},"modified":"2023-12-12T12:34:55","modified_gmt":"2023-12-12T11:34:55","slug":"karlie-flamingo-professional-entfilzungskamm-mit-geraden-klingen-gross-12-klingen","status":"publish","type":"product","link":"https:\/\/all-pets.de\/shop\/produkt\/karlie-flamingo-professional-entfilzungskamm-mit-geraden-klingen-gross-12-klingen\/","title":{"rendered":"Karlie Flamingo Professional Entfilzungskamm mit geraden Klingen &#8211; Gro\u00df, 12 Klingen"},"content":{"rendered":"<p>Der Professional Entfilzungskamm mit geraden Klingen ist das ideale Equipment zum schonenden Entwirren von des Fells und L\u00f6sen von Knoten.<\/p>\n<p>Er erm\u00f6glicht nach Gebrauch ein leichtes K\u00e4mmen oder B\u00fcrsten des Fells. Der Entfilzungskamm eignet sich besonders f\u00fcr Mittel- und Langhaarhunde.<\/p>\n<p>Durch den ergonomisch geformten Anti-Rutsch-Softgriff ist die Handhabung sicher und einfach.<\/p>\n<p>Ma\u00dfe: ca. 18 x 7 x 3 cm<br \/> Klingenl\u00e4nge: ca. 48\u00a0mm<br \/> Anzahl der Klingen:\u00a012 St\u00fcck<br \/> Gewicht: ca. 102 g<\/p>\n<p>Farbe: rot-schwarz<\/p>\n","protected":false},"excerpt":{"rendered":"<p>Der Professional Entfilzungskamm mit geraden Klingen ist das ideale Equipment zum schonenden Entwirren von des Fells und L\u00f6sen von Knoten. Er erm\u00f6glicht nach Gebrauch ein leichtes K\u00e4mmen oder B\u00fcrsten des Fells. Der Entfilzungskamm eignet sich besonders f\u00fcr Mittel- und Langhaarhunde. Durch den ergonomisch geformten Anti-Rutsch-Softgriff ist die Handhabung sicher und einfach. Ma\u00dfe: ca. 18 x [&hellip;]<\/p>\n","protected":false},"featured_media":5677,"comment_status":"closed","ping_status":"open","template":"","meta":[],"product_cat":[15399],"product_tag":[],"class_list":{"0":"post-50388","1":"product","2":"type-product","3":"status-publish","4":"has-post-thumbnail","6":"product_cat-fellkaemme-fellpflege-pflege-gesundheit-hundebuersten-striegelhundewelt-fellpflege-pflege-gesundheit-hundewelt","8":"first","9":"instock","10":"taxable","11":"shipping-taxable","12":"purchasable","13":"product-type-simple"},"_links":{"self":[{"href":"https:\/\/all-pets.de\/shop\/wp-json\/wp\/v2\/product\/50388","targetHints":{"allow":["GET"]}}],"collection":[{"href":"https:\/\/all-pets.de\/shop\/wp-json\/wp\/v2\/product"}],"about":[{"href":"https:\/\/all-pets.de\/shop\/wp-json\/wp\/v2\/types\/product"}],"replies":[{"embeddable":true,"href":"https:\/\/all-pets.de\/shop\/wp-json\/wp\/v2\/comments?post=50388"}],"wp:featuredmedia":[{"embeddable":true,"href":"https:\/\/all-pets.de\/shop\/wp-json\/wp\/v2\/media\/5677"}],"wp:attachment":[{"href":"https:\/\/all-pets.de\/shop\/wp-json\/wp\/v2\/media?parent=50388"}],"wp:term":[{"taxonomy":"product_cat","embeddable":true,"href":"https:\/\/all-pets.de\/shop\/wp-json\/wp\/v2\/product_cat?post=50388"},{"taxonomy":"product_tag","embeddable":true,"href":"https:\/\/all-pets.de\/shop\/wp-json\/wp\/v2\/product_tag?post=50388"}],"curies":[{"name":"wp","href":"https:\/\/api.w.org\/{rel}","templated":true}]}}