{"id":50397,"date":"2023-12-12T12:34:55","date_gmt":"2023-12-12T11:34:55","guid":{"rendered":"https:\/\/pet-shopping.de\/shop\/produkt\/karlie-snack-dummy-no-limit-mittel\/"},"modified":"2023-12-12T12:34:56","modified_gmt":"2023-12-12T11:34:56","slug":"karlie-snack-dummy-no-limit-mittel","status":"publish","type":"product","link":"https:\/\/all-pets.de\/shop\/produkt\/karlie-snack-dummy-no-limit-mittel\/","title":{"rendered":"Karlie Snack Dummy NO LIMIT &#8211; Mittel"},"content":{"rendered":"<p>Apportieren leicht gemacht. Die ganz neuen Snack Dummys aus der Karlie Reihe NO LIMIT bestehen aus stabilem Nylonmaterial und sind mit Original Teflon\u00ae beschichtet. Somit sind sie wasserabweisend und abwaschbar. Ideal zur Erziehung und Ausbildung mit positiver Motivation. Zum Bef\u00fcllen mit Trockenfutter und Snacks (nicht inklusive). Farbe: Rot-Schwarz.<\/p>\n<p>Gr\u00f6\u00dfe: ca. 22 x 7 cm (L\u00e4nge x Breite)<\/p>\n","protected":false},"excerpt":{"rendered":"<p>Apportieren leicht gemacht. Die ganz neuen Snack Dummys aus der Karlie Reihe NO LIMIT bestehen aus stabilem Nylonmaterial und sind mit Original Teflon\u00ae beschichtet. Somit sind sie wasserabweisend und abwaschbar. Ideal zur Erziehung und Ausbildung mit positiver Motivation. Zum Bef\u00fcllen mit Trockenfutter und Snacks (nicht inklusive). Farbe: Rot-Schwarz. Gr\u00f6\u00dfe: ca. 22 x 7 cm (L\u00e4nge [&hellip;]<\/p>\n","protected":false},"featured_media":5725,"comment_status":"closed","ping_status":"open","template":"","meta":[],"product_cat":[15404],"product_tag":[],"class_list":{"0":"post-50397","1":"product","2":"type-product","3":"status-publish","4":"has-post-thumbnail","6":"product_cat-agility-training-hundespielzeug-sport-trainings-zubehoerhundewelt-erziehung-gurt-futtertaschenhundewelt-unterwegs-gurt-und-futtertaschenhundewelt","8":"first","9":"instock","10":"taxable","11":"shipping-taxable","12":"purchasable","13":"product-type-simple"},"_links":{"self":[{"href":"https:\/\/all-pets.de\/shop\/wp-json\/wp\/v2\/product\/50397","targetHints":{"allow":["GET"]}}],"collection":[{"href":"https:\/\/all-pets.de\/shop\/wp-json\/wp\/v2\/product"}],"about":[{"href":"https:\/\/all-pets.de\/shop\/wp-json\/wp\/v2\/types\/product"}],"replies":[{"embeddable":true,"href":"https:\/\/all-pets.de\/shop\/wp-json\/wp\/v2\/comments?post=50397"}],"wp:featuredmedia":[{"embeddable":true,"href":"https:\/\/all-pets.de\/shop\/wp-json\/wp\/v2\/media\/5725"}],"wp:attachment":[{"href":"https:\/\/all-pets.de\/shop\/wp-json\/wp\/v2\/media?parent=50397"}],"wp:term":[{"taxonomy":"product_cat","embeddable":true,"href":"https:\/\/all-pets.de\/shop\/wp-json\/wp\/v2\/product_cat?post=50397"},{"taxonomy":"product_tag","embeddable":true,"href":"https:\/\/all-pets.de\/shop\/wp-json\/wp\/v2\/product_tag?post=50397"}],"curies":[{"name":"wp","href":"https:\/\/api.w.org\/{rel}","templated":true}]}}