{"id":50399,"date":"2023-12-12T12:34:55","date_gmt":"2023-12-12T11:34:55","guid":{"rendered":"https:\/\/pet-shopping.de\/shop\/produkt\/dogit-hide-a-ball-mit-stimme-groesse-16-cm\/"},"modified":"2023-12-12T12:34:57","modified_gmt":"2023-12-12T11:34:57","slug":"dogit-hide-a-ball-mit-stimme-groesse-16-cm","status":"publish","type":"product","link":"https:\/\/all-pets.de\/shop\/produkt\/dogit-hide-a-ball-mit-stimme-groesse-16-cm\/","title":{"rendered":"DOGIT Hide-A-Ball mit Stimme &#8211; Gr\u00f6\u00dfe: 16 cm"},"content":{"rendered":"<p>Hundespielzeug aus Pl\u00fcsch mit Stimme. Im Inneren befinden sich zwei B\u00e4lle (\u00e4hnlich Tennisb\u00e4llen), die der Hund mit etwas Geschicklichkeit heraus holen kann.<\/p>\n<ul class=\"a-vertical a-spacing-none\">\n<li><span class=\"a-list-item\">aus den besten verf\u00fcgbaren Materialien produziert<\/span><\/li>\n<li><span class=\"a-list-item\">mit verst\u00e4rkten N\u00e4hten<\/span><\/li>\n<li><span class=\"a-list-item\">mit h\u00f6chsten Qualit\u00e4tsstandards<\/span><\/li>\n<\/ul>\n<p>Durchmesser des Pl\u00fcschballes: ca. 16 cm<br \/> Durchmesser der beiden kleinen inneren B\u00e4lle: ca. 6,5 cm<\/p>\n","protected":false},"excerpt":{"rendered":"<p>Hundespielzeug aus Pl\u00fcsch mit Stimme. Im Inneren befinden sich zwei B\u00e4lle (\u00e4hnlich Tennisb\u00e4llen), die der Hund mit etwas Geschicklichkeit heraus holen kann. aus den besten verf\u00fcgbaren Materialien produziert mit verst\u00e4rkten N\u00e4hten mit h\u00f6chsten Qualit\u00e4tsstandards Durchmesser des Pl\u00fcschballes: ca. 16 cm Durchmesser der beiden kleinen inneren B\u00e4lle: ca. 6,5 cm<\/p>\n","protected":false},"featured_media":5739,"comment_status":"closed","ping_status":"open","template":"","meta":[],"product_cat":[13810],"product_tag":[],"class_list":{"0":"post-50399","1":"product","2":"type-product","3":"status-publish","4":"has-post-thumbnail","6":"product_cat-weitere-spielzeuge-hundespielzeug-sport-plueschspielzeughundewelt","8":"first","9":"instock","10":"taxable","11":"shipping-taxable","12":"purchasable","13":"product-type-simple"},"_links":{"self":[{"href":"https:\/\/all-pets.de\/shop\/wp-json\/wp\/v2\/product\/50399","targetHints":{"allow":["GET"]}}],"collection":[{"href":"https:\/\/all-pets.de\/shop\/wp-json\/wp\/v2\/product"}],"about":[{"href":"https:\/\/all-pets.de\/shop\/wp-json\/wp\/v2\/types\/product"}],"replies":[{"embeddable":true,"href":"https:\/\/all-pets.de\/shop\/wp-json\/wp\/v2\/comments?post=50399"}],"wp:featuredmedia":[{"embeddable":true,"href":"https:\/\/all-pets.de\/shop\/wp-json\/wp\/v2\/media\/5739"}],"wp:attachment":[{"href":"https:\/\/all-pets.de\/shop\/wp-json\/wp\/v2\/media?parent=50399"}],"wp:term":[{"taxonomy":"product_cat","embeddable":true,"href":"https:\/\/all-pets.de\/shop\/wp-json\/wp\/v2\/product_cat?post=50399"},{"taxonomy":"product_tag","embeddable":true,"href":"https:\/\/all-pets.de\/shop\/wp-json\/wp\/v2\/product_tag?post=50399"}],"curies":[{"name":"wp","href":"https:\/\/api.w.org\/{rel}","templated":true}]}}