{"id":50403,"date":"2023-12-12T12:34:58","date_gmt":"2023-12-12T11:34:58","guid":{"rendered":"https:\/\/pet-shopping.de\/shop\/produkt\/pawise-edelstahlnapf-mit-kunststoffhalter-450-ml-orange\/"},"modified":"2023-12-12T12:34:58","modified_gmt":"2023-12-12T11:34:58","slug":"pawise-edelstahlnapf-mit-kunststoffhalter-450-ml-orange","status":"publish","type":"product","link":"https:\/\/all-pets.de\/shop\/produkt\/pawise-edelstahlnapf-mit-kunststoffhalter-450-ml-orange\/","title":{"rendered":"Pawise Edelstahlnapf mit Kunststoffhalter &#8211; 450 ml \/ Orange"},"content":{"rendered":"<p>Der sch\u00f6ne und stabile Hundenapf besteht aus einem Kuststoffhalter mit Anti-Rutsch-Noppen und einem herausnehmbaren Napf aus rostfreiem Edelstahl, der sich einfach und praktisch reinigen l\u00e4sst.<\/p>\n<p>Fassungsverm\u00f6gen: ca. 450 ml<br \/> Farbe: Orange<br \/> Ma\u00dfe: ca. 21,5 x 17,5 x 6 cm (BxTxH)<br \/> Napfdurchmesser: ca. 11 cm<\/p>\n","protected":false},"excerpt":{"rendered":"<p>Der sch\u00f6ne und stabile Hundenapf besteht aus einem Kuststoffhalter mit Anti-Rutsch-Noppen und einem herausnehmbaren Napf aus rostfreiem Edelstahl, der sich einfach und praktisch reinigen l\u00e4sst. Fassungsverm\u00f6gen: ca. 450 ml Farbe: Orange Ma\u00dfe: ca. 21,5 x 17,5 x 6 cm (BxTxH) Napfdurchmesser: ca. 11 cm<\/p>\n","protected":false},"featured_media":5777,"comment_status":"closed","ping_status":"open","template":"","meta":[],"product_cat":[14361],"product_tag":[],"class_list":{"0":"post-50403","1":"product","2":"type-product","3":"status-publish","4":"has-post-thumbnail","6":"product_cat-futter-wassernaepfe-hundenaepfe-traenken","8":"first","9":"instock","10":"taxable","11":"shipping-taxable","12":"purchasable","13":"product-type-simple"},"_links":{"self":[{"href":"https:\/\/all-pets.de\/shop\/wp-json\/wp\/v2\/product\/50403","targetHints":{"allow":["GET"]}}],"collection":[{"href":"https:\/\/all-pets.de\/shop\/wp-json\/wp\/v2\/product"}],"about":[{"href":"https:\/\/all-pets.de\/shop\/wp-json\/wp\/v2\/types\/product"}],"replies":[{"embeddable":true,"href":"https:\/\/all-pets.de\/shop\/wp-json\/wp\/v2\/comments?post=50403"}],"wp:featuredmedia":[{"embeddable":true,"href":"https:\/\/all-pets.de\/shop\/wp-json\/wp\/v2\/media\/5777"}],"wp:attachment":[{"href":"https:\/\/all-pets.de\/shop\/wp-json\/wp\/v2\/media?parent=50403"}],"wp:term":[{"taxonomy":"product_cat","embeddable":true,"href":"https:\/\/all-pets.de\/shop\/wp-json\/wp\/v2\/product_cat?post=50403"},{"taxonomy":"product_tag","embeddable":true,"href":"https:\/\/all-pets.de\/shop\/wp-json\/wp\/v2\/product_tag?post=50403"}],"curies":[{"name":"wp","href":"https:\/\/api.w.org\/{rel}","templated":true}]}}