{"id":50408,"date":"2023-12-12T12:34:58","date_gmt":"2023-12-12T11:34:58","guid":{"rendered":"https:\/\/pet-shopping.de\/shop\/produkt\/lebon-hundebett-lino-grau-80x60cm\/"},"modified":"2023-12-12T12:34:58","modified_gmt":"2023-12-12T11:34:58","slug":"lebon-hundebett-lino-grau-80x60cm","status":"publish","type":"product","link":"https:\/\/all-pets.de\/shop\/produkt\/lebon-hundebett-lino-grau-80x60cm\/","title":{"rendered":"Lebon Hundebett Lino &#8211; Grau &#8211; 80x60cm"},"content":{"rendered":"<p>Die kuscheligen Hundebetten &#8222;Lino&#8220; bieten Ihrem Liebling einen schonenden und gem\u00fctlichen Liegeplatz.<\/p>\n<p>Durch den eleganten Einstieg und die edle schwarze Umradung ist dieses Bett ein absoluter Hingucker.<\/p>\n<ul>\n<li>Hochwertiger Webstoff <\/li>\n<li>Stabil und formbest\u00e4ndig<\/li>\n<li>Maschinenwaschbar (40\u00b0C)<\/li>\n<li>Mit Rei\u00dfverschluss <\/li>\n<li>Farbe: Braun-Grau <\/li>\n<\/ul>\n<div>\n<p>Au\u00dfenma\u00dfe: ca. 80 x 60cm<\/p>\n<p>Innenma\u00dfe: ca. 53 x 36cm <\/p>\n<p>H\u00f6he: ca. 18cm<\/p>\n<\/div>\n","protected":false},"excerpt":{"rendered":"<p>Die kuscheligen Hundebetten &#8222;Lino&#8220; bieten Ihrem Liebling einen schonenden und gem\u00fctlichen Liegeplatz. Durch den eleganten Einstieg und die edle schwarze Umradung ist dieses Bett ein absoluter Hingucker. Hochwertiger Webstoff Stabil und formbest\u00e4ndig Maschinenwaschbar (40\u00b0C) Mit Rei\u00dfverschluss Farbe: Braun-Grau Au\u00dfenma\u00dfe: ca. 80 x 60cm Innenma\u00dfe: ca. 53 x 36cm H\u00f6he: ca. 18cm<\/p>\n","protected":false},"featured_media":5798,"comment_status":"closed","ping_status":"open","template":"","meta":[],"product_cat":[15113],"product_tag":[],"class_list":{"0":"post-50408","1":"product","2":"type-product","3":"status-publish","4":"has-post-thumbnail","6":"product_cat-hundebetten-hundekissen-betten-koerbe","8":"first","9":"instock","10":"taxable","11":"shipping-taxable","12":"purchasable","13":"product-type-simple"},"_links":{"self":[{"href":"https:\/\/all-pets.de\/shop\/wp-json\/wp\/v2\/product\/50408","targetHints":{"allow":["GET"]}}],"collection":[{"href":"https:\/\/all-pets.de\/shop\/wp-json\/wp\/v2\/product"}],"about":[{"href":"https:\/\/all-pets.de\/shop\/wp-json\/wp\/v2\/types\/product"}],"replies":[{"embeddable":true,"href":"https:\/\/all-pets.de\/shop\/wp-json\/wp\/v2\/comments?post=50408"}],"wp:featuredmedia":[{"embeddable":true,"href":"https:\/\/all-pets.de\/shop\/wp-json\/wp\/v2\/media\/5798"}],"wp:attachment":[{"href":"https:\/\/all-pets.de\/shop\/wp-json\/wp\/v2\/media?parent=50408"}],"wp:term":[{"taxonomy":"product_cat","embeddable":true,"href":"https:\/\/all-pets.de\/shop\/wp-json\/wp\/v2\/product_cat?post=50408"},{"taxonomy":"product_tag","embeddable":true,"href":"https:\/\/all-pets.de\/shop\/wp-json\/wp\/v2\/product_tag?post=50408"}],"curies":[{"name":"wp","href":"https:\/\/api.w.org\/{rel}","templated":true}]}}