{"id":50430,"date":"2023-12-12T12:35:03","date_gmt":"2023-12-12T11:35:03","guid":{"rendered":"https:\/\/pet-shopping.de\/shop\/produkt\/trixie-bett-harvey-eckig-80-x-65-cm\/"},"modified":"2023-12-12T12:35:04","modified_gmt":"2023-12-12T11:35:04","slug":"trixie-bett-harvey-eckig-80-x-65-cm","status":"publish","type":"product","link":"https:\/\/all-pets.de\/shop\/produkt\/trixie-bett-harvey-eckig-80-x-65-cm\/","title":{"rendered":"Trixie Bett Harvey &#8211; eckig &#8211; 80 \u00d7 65 cm"},"content":{"rendered":"<ul>\n<li>Velours\/Langhaar-Pl\u00fcsch<\/li>\n<li>Polyester-Bezug<\/li>\n<li>Polyestervlies-F\u00fcllung<\/li>\n<li>mit fest integriertem Kissen<\/li>\n<li>Bezug abnehmbarund bei 40\u00b0C waschbar<\/li>\n<li>Inlett: Handw\u00e4sche<\/li>\n<li>rutschfester Boden<\/li>\n<li>Farbe: grau\/wei\u00df-schwarz<\/li>\n<li>Ma\u00dfe: ca. 80 \u00d7 65 cm<\/li>\n<\/ul>\n","protected":false},"excerpt":{"rendered":"<p>Velours\/Langhaar-Pl\u00fcsch Polyester-Bezug Polyestervlies-F\u00fcllung mit fest integriertem Kissen Bezug abnehmbarund bei 40\u00b0C waschbar Inlett: Handw\u00e4sche rutschfester Boden Farbe: grau\/wei\u00df-schwarz Ma\u00dfe: ca. 80 \u00d7 65 cm<\/p>\n","protected":false},"featured_media":50426,"comment_status":"closed","ping_status":"open","template":"","meta":[],"product_cat":[15113],"product_tag":[],"class_list":{"0":"post-50430","1":"product","2":"type-product","3":"status-publish","4":"has-post-thumbnail","6":"product_cat-hundebetten-hundekissen-betten-koerbe","8":"first","9":"instock","10":"taxable","11":"shipping-taxable","12":"purchasable","13":"product-type-simple"},"_links":{"self":[{"href":"https:\/\/all-pets.de\/shop\/wp-json\/wp\/v2\/product\/50430","targetHints":{"allow":["GET"]}}],"collection":[{"href":"https:\/\/all-pets.de\/shop\/wp-json\/wp\/v2\/product"}],"about":[{"href":"https:\/\/all-pets.de\/shop\/wp-json\/wp\/v2\/types\/product"}],"replies":[{"embeddable":true,"href":"https:\/\/all-pets.de\/shop\/wp-json\/wp\/v2\/comments?post=50430"}],"wp:featuredmedia":[{"embeddable":true,"href":"https:\/\/all-pets.de\/shop\/wp-json\/wp\/v2\/media\/50426"}],"wp:attachment":[{"href":"https:\/\/all-pets.de\/shop\/wp-json\/wp\/v2\/media?parent=50430"}],"wp:term":[{"taxonomy":"product_cat","embeddable":true,"href":"https:\/\/all-pets.de\/shop\/wp-json\/wp\/v2\/product_cat?post=50430"},{"taxonomy":"product_tag","embeddable":true,"href":"https:\/\/all-pets.de\/shop\/wp-json\/wp\/v2\/product_tag?post=50430"}],"curies":[{"name":"wp","href":"https:\/\/api.w.org\/{rel}","templated":true}]}}