{"id":50434,"date":"2023-12-12T12:35:03","date_gmt":"2023-12-12T11:35:03","guid":{"rendered":"https:\/\/pet-shopping.de\/shop\/produkt\/procyon-spielei-treibei-rot\/"},"modified":"2023-12-12T12:35:04","modified_gmt":"2023-12-12T11:35:04","slug":"procyon-spielei-treibei-rot","status":"publish","type":"product","link":"https:\/\/all-pets.de\/shop\/produkt\/procyon-spielei-treibei-rot\/","title":{"rendered":"PROCYON Spielei \/ Treibei &#8211; Rot"},"content":{"rendered":"<p>Das PROCYON Spielei \u00e4hnelt vom Prinzip her einem Treibball. Es ist extra gro\u00df, damit es vom Hund m\u00f6glichst nicht mit dem Maul transportiert, sondern getrieben bzw. gerollt wird. <\/p>\n<p>Im Unterschied zu einem normalen Treibball rollt das Ei allerdings nicht einfach geradeaus, sondern wechselt durch die Eiform unvorhersehbar die Richtung. Es eignet sich somit f\u00fcr etwas fortgeschrittenere Spieler, die mit einem Treibball schon gut umgehen k\u00f6nnen. <\/p>\n<p>Das Ei besteht aus Hartplastik und wird somit durch Bei\u00dfversuche nicht so schnell besch\u00e4digt.<\/p>\n<p>Farbe: Rot<br \/> Gr\u00f6\u00dfe: ca. 30 cm\u00a0 <\/p>\n","protected":false},"excerpt":{"rendered":"<p>Das PROCYON Spielei \u00e4hnelt vom Prinzip her einem Treibball. Es ist extra gro\u00df, damit es vom Hund m\u00f6glichst nicht mit dem Maul transportiert, sondern getrieben bzw. gerollt wird. Im Unterschied zu einem normalen Treibball rollt das Ei allerdings nicht einfach geradeaus, sondern wechselt durch die Eiform unvorhersehbar die Richtung. Es eignet sich somit f\u00fcr etwas [&hellip;]<\/p>\n","protected":false},"featured_media":5854,"comment_status":"closed","ping_status":"open","template":"","meta":[],"product_cat":[15406],"product_tag":[],"class_list":{"0":"post-50434","1":"product","2":"type-product","3":"status-publish","4":"has-post-thumbnail","6":"product_cat-agility-training-hundespielzeug-sport-hundebaellehundewelt","8":"first","9":"instock","10":"taxable","11":"shipping-taxable","12":"purchasable","13":"product-type-simple"},"_links":{"self":[{"href":"https:\/\/all-pets.de\/shop\/wp-json\/wp\/v2\/product\/50434","targetHints":{"allow":["GET"]}}],"collection":[{"href":"https:\/\/all-pets.de\/shop\/wp-json\/wp\/v2\/product"}],"about":[{"href":"https:\/\/all-pets.de\/shop\/wp-json\/wp\/v2\/types\/product"}],"replies":[{"embeddable":true,"href":"https:\/\/all-pets.de\/shop\/wp-json\/wp\/v2\/comments?post=50434"}],"wp:featuredmedia":[{"embeddable":true,"href":"https:\/\/all-pets.de\/shop\/wp-json\/wp\/v2\/media\/5854"}],"wp:attachment":[{"href":"https:\/\/all-pets.de\/shop\/wp-json\/wp\/v2\/media?parent=50434"}],"wp:term":[{"taxonomy":"product_cat","embeddable":true,"href":"https:\/\/all-pets.de\/shop\/wp-json\/wp\/v2\/product_cat?post=50434"},{"taxonomy":"product_tag","embeddable":true,"href":"https:\/\/all-pets.de\/shop\/wp-json\/wp\/v2\/product_tag?post=50434"}],"curies":[{"name":"wp","href":"https:\/\/api.w.org\/{rel}","templated":true}]}}