{"id":50464,"date":"2023-12-12T12:35:11","date_gmt":"2023-12-12T11:35:11","guid":{"rendered":"https:\/\/pet-shopping.de\/shop\/produkt\/procyon-treibball-blau\/"},"modified":"2023-12-12T12:35:11","modified_gmt":"2023-12-12T11:35:11","slug":"procyon-treibball-blau","status":"publish","type":"product","link":"https:\/\/all-pets.de\/shop\/produkt\/procyon-treibball-blau\/","title":{"rendered":"PROCYON Treibball &#8211; Blau"},"content":{"rendered":"<p>Der PROCYON Treibball ist extra gro\u00df, damit er vom Hund m\u00f6glichst nicht mit dem Maul transportiert, sondern getrieben bzw. gerollt wird. <\/p>\n<p>Dieser Treibball eignet sich besonders gut f\u00fcr Anf\u00e4nger, da er aus Hartplastik besteht und somit durch die anf\u00e4nglichen Bei\u00dfversuche nicht so schnell besch\u00e4digt wird.<\/p>\n<p>Farbe: Blau<br \/> Durchmesser: ca. 25 cm\u00a0 <\/p>\n","protected":false},"excerpt":{"rendered":"<p>Der PROCYON Treibball ist extra gro\u00df, damit er vom Hund m\u00f6glichst nicht mit dem Maul transportiert, sondern getrieben bzw. gerollt wird. Dieser Treibball eignet sich besonders gut f\u00fcr Anf\u00e4nger, da er aus Hartplastik besteht und somit durch die anf\u00e4nglichen Bei\u00dfversuche nicht so schnell besch\u00e4digt wird. Farbe: Blau Durchmesser: ca. 25 cm\u00a0<\/p>\n","protected":false},"featured_media":5992,"comment_status":"closed","ping_status":"open","template":"","meta":[],"product_cat":[15406],"product_tag":[],"class_list":{"0":"post-50464","1":"product","2":"type-product","3":"status-publish","4":"has-post-thumbnail","6":"product_cat-agility-training-hundespielzeug-sport-hundebaellehundewelt","8":"first","9":"instock","10":"taxable","11":"shipping-taxable","12":"purchasable","13":"product-type-simple"},"_links":{"self":[{"href":"https:\/\/all-pets.de\/shop\/wp-json\/wp\/v2\/product\/50464","targetHints":{"allow":["GET"]}}],"collection":[{"href":"https:\/\/all-pets.de\/shop\/wp-json\/wp\/v2\/product"}],"about":[{"href":"https:\/\/all-pets.de\/shop\/wp-json\/wp\/v2\/types\/product"}],"replies":[{"embeddable":true,"href":"https:\/\/all-pets.de\/shop\/wp-json\/wp\/v2\/comments?post=50464"}],"wp:featuredmedia":[{"embeddable":true,"href":"https:\/\/all-pets.de\/shop\/wp-json\/wp\/v2\/media\/5992"}],"wp:attachment":[{"href":"https:\/\/all-pets.de\/shop\/wp-json\/wp\/v2\/media?parent=50464"}],"wp:term":[{"taxonomy":"product_cat","embeddable":true,"href":"https:\/\/all-pets.de\/shop\/wp-json\/wp\/v2\/product_cat?post=50464"},{"taxonomy":"product_tag","embeddable":true,"href":"https:\/\/all-pets.de\/shop\/wp-json\/wp\/v2\/product_tag?post=50464"}],"curies":[{"name":"wp","href":"https:\/\/api.w.org\/{rel}","templated":true}]}}