{"id":50465,"date":"2023-12-12T12:35:11","date_gmt":"2023-12-12T11:35:11","guid":{"rendered":"https:\/\/pet-shopping.de\/shop\/produkt\/nerf-dog-trax-tire-squeak-football-medium\/"},"modified":"2023-12-12T12:35:11","modified_gmt":"2023-12-12T11:35:11","slug":"nerf-dog-trax-tire-squeak-football-medium","status":"publish","type":"product","link":"https:\/\/all-pets.de\/shop\/produkt\/nerf-dog-trax-tire-squeak-football-medium\/","title":{"rendered":"NERF DOG Trax Tire Squeak Football &#8211; Medium"},"content":{"rendered":"<p>Die NERF DOG Hundespielzeuge vereinen optimales und funktionales Design mit speziellen Materialien, die eine intensive Nutzung \u00fcber einen langen Zeitraum erlauben.<\/p>\n<p>Der Trax Tire Squeak Football ist ein Gummiball in Footballform mit animierenden Quietsch-Ger\u00e4uschen und Reifenprofil. <\/p>\n<p>Gr\u00f6\u00dfe Medium: ca. 15,2 cm<\/p>\n","protected":false},"excerpt":{"rendered":"<p>Die NERF DOG Hundespielzeuge vereinen optimales und funktionales Design mit speziellen Materialien, die eine intensive Nutzung \u00fcber einen langen Zeitraum erlauben. Der Trax Tire Squeak Football ist ein Gummiball in Footballform mit animierenden Quietsch-Ger\u00e4uschen und Reifenprofil. Gr\u00f6\u00dfe Medium: ca. 15,2 cm<\/p>\n","protected":false},"featured_media":6005,"comment_status":"closed","ping_status":"open","template":"","meta":[],"product_cat":[14197],"product_tag":[],"class_list":{"0":"post-50465","1":"product","2":"type-product","3":"status-publish","4":"has-post-thumbnail","6":"product_cat-squeeker-hundespielzeug-sport-hundebaellehundewelt","8":"first","9":"instock","10":"taxable","11":"shipping-taxable","12":"purchasable","13":"product-type-simple"},"_links":{"self":[{"href":"https:\/\/all-pets.de\/shop\/wp-json\/wp\/v2\/product\/50465","targetHints":{"allow":["GET"]}}],"collection":[{"href":"https:\/\/all-pets.de\/shop\/wp-json\/wp\/v2\/product"}],"about":[{"href":"https:\/\/all-pets.de\/shop\/wp-json\/wp\/v2\/types\/product"}],"replies":[{"embeddable":true,"href":"https:\/\/all-pets.de\/shop\/wp-json\/wp\/v2\/comments?post=50465"}],"wp:featuredmedia":[{"embeddable":true,"href":"https:\/\/all-pets.de\/shop\/wp-json\/wp\/v2\/media\/6005"}],"wp:attachment":[{"href":"https:\/\/all-pets.de\/shop\/wp-json\/wp\/v2\/media?parent=50465"}],"wp:term":[{"taxonomy":"product_cat","embeddable":true,"href":"https:\/\/all-pets.de\/shop\/wp-json\/wp\/v2\/product_cat?post=50465"},{"taxonomy":"product_tag","embeddable":true,"href":"https:\/\/all-pets.de\/shop\/wp-json\/wp\/v2\/product_tag?post=50465"}],"curies":[{"name":"wp","href":"https:\/\/api.w.org\/{rel}","templated":true}]}}