{"id":50468,"date":"2023-12-12T12:35:11","date_gmt":"2023-12-12T11:35:11","guid":{"rendered":"https:\/\/pet-shopping.de\/shop\/produkt\/wolfsblut-wide-plain-light-125-kg\/"},"modified":"2023-12-12T12:35:12","modified_gmt":"2023-12-12T11:35:12","slug":"wolfsblut-wide-plain-light-125-kg","status":"publish","type":"product","link":"https:\/\/all-pets.de\/shop\/produkt\/wolfsblut-wide-plain-light-125-kg\/","title":{"rendered":"Wolfsblut Wide Plain light &#8211; 12,5 kg"},"content":{"rendered":"<p>Trockenfutter mit Pferdefleisch und S\u00fc\u00dfkartoffeln<\/p>\n<p>Alleinfuttermittel f\u00fcr Hunde &#8211; Tiernahrung<\/p>\n<p>Zusammensetzung:<\/p>\n<p>Pferdefleisch 45 % (davon Pferdefleisch 24 %, getrocknetes Pferdefleisch 18 %, Pferdefett 3 %), S\u00fc\u00dfkartoffel 45 %, Mineralstoffe, Topinambur, Tomate, mediterrane Kr\u00e4utermischung, Brombeere, Himbeere, Heidelbeere, schwarze Johannisbeere, Holunderbeere, Aroniabeere, Brennnessel, Wei\u00dfdorn, L\u00f6wenzahn, Ginseng, Mannanoligosaccharide (probiotisch MOS), Fructooligosaccharide (probiotisch FOS), Yucca Schidigera Extrakt<\/p>\n<p>Ern\u00e4hrungsphysiologische Zusatzstoffe pro kg:\u00a0<\/p>\n<p>Vitamine: Vitamin A (als Retinylacetat) 21.871 IU, Vitamin D3 (als Cholecalciferol) 1.471 IU, Vitamin E (als Alpha Tocopherol Azetat) 710 IU, Taurin 1.000 mg  Spurenelemente: Kalziumjodat wasserfrei 1,58 mg, Selen 0,23 mg, Eisen 89 mg, Kupfer 23 mg, Zink 159,8 mg, Mangan 44,7 mg, Aminos\u00e4uren: DL-Methionin 2.126 mg, L-Carnithin 82 mg<\/p>\n<p>Analytische Bestandteile:<br \/> Rohprotein 20 %<br \/> Rohfett 8,5 %<br \/> Rohfaser 3,5 %<br \/> Rohasche 9,5 %<br \/> Feuchte 8 %<br \/> Calcium 2,13 %<br \/> Phosphor 1,43 %<\/p>\n<p>F\u00fctterungsempfehlung<\/p>\n<p>Gewicht des Hundes Futtermenge pro Tag<\/p>\n<p>1 \u2013 5 kg 30 \u2013 100 g<\/p>\n<p>5 \u2013 15 kg 100 \u2013 220 g<\/p>\n<p>15 \u2013 25 kg 220 \u2013 325 g<\/p>\n<p>25 \u2013 35 kg 325 \u2013 420 g<\/p>\n<p>35 \u2013 45 kg 420 \u2013 505 g<\/p>\n<p>+45 kg + 505 g<\/p>\n<p>Die angegebene Menge dient nur der Orientierung. Die Futtermenge muss entsprechend dem Alter, der Rasse und der Beanspruchung angepasst werden. Ihr Hund sollte stets frisches Wasser zur Verf\u00fcgung haben.<\/p>\n","protected":false},"excerpt":{"rendered":"<p>Trockenfutter mit Pferdefleisch und S\u00fc\u00dfkartoffeln Alleinfuttermittel f\u00fcr Hunde &#8211; Tiernahrung Zusammensetzung: Pferdefleisch 45 % (davon Pferdefleisch 24 %, getrocknetes Pferdefleisch 18 %, Pferdefett 3 %), S\u00fc\u00dfkartoffel 45 %, Mineralstoffe, Topinambur, Tomate, mediterrane Kr\u00e4utermischung, Brombeere, Himbeere, Heidelbeere, schwarze Johannisbeere, Holunderbeere, Aroniabeere, Brennnessel, Wei\u00dfdorn, L\u00f6wenzahn, Ginseng, Mannanoligosaccharide (probiotisch MOS), Fructooligosaccharide (probiotisch FOS), Yucca Schidigera Extrakt Ern\u00e4hrungsphysiologische Zusatzstoffe [&hellip;]<\/p>\n","protected":false},"featured_media":50469,"comment_status":"closed","ping_status":"open","template":"","meta":[],"product_cat":[15392],"product_tag":[],"class_list":{"0":"post-50468","1":"product","2":"type-product","3":"status-publish","4":"has-post-thumbnail","6":"product_cat-wolfsblut-getreidefrei-hundetrockenfutter-wolfsbluthundewelt-hundetrockenfutter","8":"first","9":"instock","10":"taxable","11":"shipping-taxable","12":"purchasable","13":"product-type-simple"},"_links":{"self":[{"href":"https:\/\/all-pets.de\/shop\/wp-json\/wp\/v2\/product\/50468","targetHints":{"allow":["GET"]}}],"collection":[{"href":"https:\/\/all-pets.de\/shop\/wp-json\/wp\/v2\/product"}],"about":[{"href":"https:\/\/all-pets.de\/shop\/wp-json\/wp\/v2\/types\/product"}],"replies":[{"embeddable":true,"href":"https:\/\/all-pets.de\/shop\/wp-json\/wp\/v2\/comments?post=50468"}],"wp:featuredmedia":[{"embeddable":true,"href":"https:\/\/all-pets.de\/shop\/wp-json\/wp\/v2\/media\/50469"}],"wp:attachment":[{"href":"https:\/\/all-pets.de\/shop\/wp-json\/wp\/v2\/media?parent=50468"}],"wp:term":[{"taxonomy":"product_cat","embeddable":true,"href":"https:\/\/all-pets.de\/shop\/wp-json\/wp\/v2\/product_cat?post=50468"},{"taxonomy":"product_tag","embeddable":true,"href":"https:\/\/all-pets.de\/shop\/wp-json\/wp\/v2\/product_tag?post=50468"}],"curies":[{"name":"wp","href":"https:\/\/api.w.org\/{rel}","templated":true}]}}