{"id":50487,"date":"2023-12-12T12:35:14","date_gmt":"2023-12-12T11:35:14","guid":{"rendered":"https:\/\/pet-shopping.de\/shop\/produkt\/trixie-edelstahl-welpennapf-14-l-29-cm\/"},"modified":"2023-12-12T12:35:16","modified_gmt":"2023-12-12T11:35:16","slug":"trixie-edelstahl-welpennapf-14-l-29-cm","status":"publish","type":"product","link":"https:\/\/all-pets.de\/shop\/produkt\/trixie-edelstahl-welpennapf-14-l-29-cm\/","title":{"rendered":"Trixie Edelstahl-Welpennapf &#8211; 1,4 l \/ 29 cm"},"content":{"rendered":"<p>Dieser Welpennapf besteht aus rostfreiem Edelstahl und ist die ideale L\u00f6sung zum F\u00fcttern von mehreren Welpen. <\/p>\n<p>Die Erh\u00f6hung verhindert das Durchlaufen oder Hineinsetzen in den Napf. Der extra gro\u00dfe Durchmesser des Napfes bietet ausreichend Platz f\u00fcr viele hungrige Welpen. Der flache Rand erm\u00f6glicht ein entspanntes Fressen.<\/p>\n<p>Fassungsverm\u00f6gen: 1,4 L<br \/> Durchmesser: ca. 29 cm<\/p>\n","protected":false},"excerpt":{"rendered":"<p>Dieser Welpennapf besteht aus rostfreiem Edelstahl und ist die ideale L\u00f6sung zum F\u00fcttern von mehreren Welpen. Die Erh\u00f6hung verhindert das Durchlaufen oder Hineinsetzen in den Napf. Der extra gro\u00dfe Durchmesser des Napfes bietet ausreichend Platz f\u00fcr viele hungrige Welpen. Der flache Rand erm\u00f6glicht ein entspanntes Fressen. Fassungsverm\u00f6gen: 1,4 L Durchmesser: ca. 29 cm<\/p>\n","protected":false},"featured_media":6072,"comment_status":"closed","ping_status":"open","template":"","meta":[],"product_cat":[15414],"product_tag":[],"class_list":{"0":"post-50487","1":"product","2":"type-product","3":"status-publish","4":"has-post-thumbnail","6":"product_cat-futter-wassernaepfe-hundenaepfe-traenken-welpen-aufzuchthundewelt-pflege-gesundheit-welpen-erziehunghundewelt-erziehung-hundewelt","8":"first","9":"instock","10":"taxable","11":"shipping-taxable","12":"purchasable","13":"product-type-simple"},"_links":{"self":[{"href":"https:\/\/all-pets.de\/shop\/wp-json\/wp\/v2\/product\/50487","targetHints":{"allow":["GET"]}}],"collection":[{"href":"https:\/\/all-pets.de\/shop\/wp-json\/wp\/v2\/product"}],"about":[{"href":"https:\/\/all-pets.de\/shop\/wp-json\/wp\/v2\/types\/product"}],"replies":[{"embeddable":true,"href":"https:\/\/all-pets.de\/shop\/wp-json\/wp\/v2\/comments?post=50487"}],"wp:featuredmedia":[{"embeddable":true,"href":"https:\/\/all-pets.de\/shop\/wp-json\/wp\/v2\/media\/6072"}],"wp:attachment":[{"href":"https:\/\/all-pets.de\/shop\/wp-json\/wp\/v2\/media?parent=50487"}],"wp:term":[{"taxonomy":"product_cat","embeddable":true,"href":"https:\/\/all-pets.de\/shop\/wp-json\/wp\/v2\/product_cat?post=50487"},{"taxonomy":"product_tag","embeddable":true,"href":"https:\/\/all-pets.de\/shop\/wp-json\/wp\/v2\/product_tag?post=50487"}],"curies":[{"name":"wp","href":"https:\/\/api.w.org\/{rel}","templated":true}]}}