{"id":50494,"date":"2023-12-12T12:35:17","date_gmt":"2023-12-12T11:35:17","guid":{"rendered":"https:\/\/pet-shopping.de\/shop\/produkt\/karlie-plueschspielzeug-ente-39-cm\/"},"modified":"2023-12-12T12:35:17","modified_gmt":"2023-12-12T11:35:17","slug":"karlie-plueschspielzeug-ente-39-cm","status":"publish","type":"product","link":"https:\/\/all-pets.de\/shop\/produkt\/karlie-plueschspielzeug-ente-39-cm\/","title":{"rendered":"Karlie Pl\u00fcschspielzeug Ente &#8211; 39 cm"},"content":{"rendered":"<p>Die Ente aus weichem Pl\u00fcsch ist ein gro\u00dfartiges Spielzeug f\u00fcr mittlere und gr\u00f6\u00dfere Hunde, die gerne schmusen und ein weniger ausgepr\u00e4gtes Kaubed\u00fcrfnis besitzen. <br \/> Sie ist mit weicher F\u00fcllwatte gef\u00fcllt und l\u00e4sst sich per Hand in lauwarmen Wasser waschen. <\/p>\n<p>Ma\u00dfe: ca. 39 x 30 x 9 cm (LxBxH)<\/p>\n","protected":false},"excerpt":{"rendered":"<p>Die Ente aus weichem Pl\u00fcsch ist ein gro\u00dfartiges Spielzeug f\u00fcr mittlere und gr\u00f6\u00dfere Hunde, die gerne schmusen und ein weniger ausgepr\u00e4gtes Kaubed\u00fcrfnis besitzen. Sie ist mit weicher F\u00fcllwatte gef\u00fcllt und l\u00e4sst sich per Hand in lauwarmen Wasser waschen. Ma\u00dfe: ca. 39 x 30 x 9 cm (LxBxH)<\/p>\n","protected":false},"featured_media":6117,"comment_status":"closed","ping_status":"open","template":"","meta":[],"product_cat":[13828],"product_tag":[],"class_list":{"0":"post-50494","1":"product","2":"type-product","3":"status-publish","4":"has-post-thumbnail","6":"product_cat-plueschspielzeug-hundespielzeug-sport","8":"first","9":"instock","10":"taxable","11":"shipping-taxable","12":"purchasable","13":"product-type-simple"},"_links":{"self":[{"href":"https:\/\/all-pets.de\/shop\/wp-json\/wp\/v2\/product\/50494","targetHints":{"allow":["GET"]}}],"collection":[{"href":"https:\/\/all-pets.de\/shop\/wp-json\/wp\/v2\/product"}],"about":[{"href":"https:\/\/all-pets.de\/shop\/wp-json\/wp\/v2\/types\/product"}],"replies":[{"embeddable":true,"href":"https:\/\/all-pets.de\/shop\/wp-json\/wp\/v2\/comments?post=50494"}],"wp:featuredmedia":[{"embeddable":true,"href":"https:\/\/all-pets.de\/shop\/wp-json\/wp\/v2\/media\/6117"}],"wp:attachment":[{"href":"https:\/\/all-pets.de\/shop\/wp-json\/wp\/v2\/media?parent=50494"}],"wp:term":[{"taxonomy":"product_cat","embeddable":true,"href":"https:\/\/all-pets.de\/shop\/wp-json\/wp\/v2\/product_cat?post=50494"},{"taxonomy":"product_tag","embeddable":true,"href":"https:\/\/all-pets.de\/shop\/wp-json\/wp\/v2\/product_tag?post=50494"}],"curies":[{"name":"wp","href":"https:\/\/api.w.org\/{rel}","templated":true}]}}