{"id":50497,"date":"2023-12-12T12:35:17","date_gmt":"2023-12-12T11:35:17","guid":{"rendered":"https:\/\/pet-shopping.de\/shop\/produkt\/flexi-rollleine-new-classic-seil-3m-bis-8kg-rot\/"},"modified":"2023-12-12T12:35:18","modified_gmt":"2023-12-12T11:35:18","slug":"flexi-rollleine-new-classic-seil-3m-bis-8kg-rot","status":"publish","type":"product","link":"https:\/\/all-pets.de\/shop\/produkt\/flexi-rollleine-new-classic-seil-3m-bis-8kg-rot\/","title":{"rendered":"FLEXI Rollleine New CLASSIC Seil &#8211; 3m, bis 8kg &#8211; Rot"},"content":{"rendered":"<ul>\n<li>mit Kurzhub-Bremssystem<\/li>\n<li>Gr\u00f6\u00dfe XS<\/li>\n<li>Seill\u00e4nge: 3m<\/li>\n<li>bis 8kg K\u00f6rpergewicht<\/li>\n<li>Farbe: Rot<\/li>\n<\/ul>\n","protected":false},"excerpt":{"rendered":"<p>mit Kurzhub-Bremssystem Gr\u00f6\u00dfe XS Seill\u00e4nge: 3m bis 8kg K\u00f6rpergewicht Farbe: Rot<\/p>\n","protected":false},"featured_media":6147,"comment_status":"closed","ping_status":"open","template":"","meta":[],"product_cat":[15321],"product_tag":[],"class_list":{"0":"post-50497","1":"product","2":"type-product","3":"status-publish","4":"has-post-thumbnail","6":"product_cat-roll-leinen","8":"first","9":"instock","10":"taxable","11":"shipping-taxable","12":"purchasable","13":"product-type-simple"},"_links":{"self":[{"href":"https:\/\/all-pets.de\/shop\/wp-json\/wp\/v2\/product\/50497","targetHints":{"allow":["GET"]}}],"collection":[{"href":"https:\/\/all-pets.de\/shop\/wp-json\/wp\/v2\/product"}],"about":[{"href":"https:\/\/all-pets.de\/shop\/wp-json\/wp\/v2\/types\/product"}],"replies":[{"embeddable":true,"href":"https:\/\/all-pets.de\/shop\/wp-json\/wp\/v2\/comments?post=50497"}],"wp:featuredmedia":[{"embeddable":true,"href":"https:\/\/all-pets.de\/shop\/wp-json\/wp\/v2\/media\/6147"}],"wp:attachment":[{"href":"https:\/\/all-pets.de\/shop\/wp-json\/wp\/v2\/media?parent=50497"}],"wp:term":[{"taxonomy":"product_cat","embeddable":true,"href":"https:\/\/all-pets.de\/shop\/wp-json\/wp\/v2\/product_cat?post=50497"},{"taxonomy":"product_tag","embeddable":true,"href":"https:\/\/all-pets.de\/shop\/wp-json\/wp\/v2\/product_tag?post=50497"}],"curies":[{"name":"wp","href":"https:\/\/api.w.org\/{rel}","templated":true}]}}