{"id":50508,"date":"2023-12-12T12:35:19","date_gmt":"2023-12-12T11:35:19","guid":{"rendered":"https:\/\/pet-shopping.de\/shop\/produkt\/trixie-waermekissen-fuer-mikrowelle-26-cm\/"},"modified":"2023-12-12T12:35:20","modified_gmt":"2023-12-12T11:35:20","slug":"trixie-waermekissen-fuer-mikrowelle-26-cm","status":"publish","type":"product","link":"https:\/\/all-pets.de\/shop\/produkt\/trixie-waermekissen-fuer-mikrowelle-26-cm\/","title":{"rendered":"Trixie W\u00e4rmekissen f\u00fcr Mikrowelle &#8211; 26 cm"},"content":{"rendered":"<ul>\n<li> besonders empfehlenswert an kalten Tagen im Auto oder zu Hause <\/li>\n<li> auch f\u00fcr Jungtiere oder alte und kranke Tiere geeignet<\/li>\n<li> speichert die W\u00e4rme bis zu 8 Stunden<\/li>\n<li> einfach in der Mikrowelle zu erw\u00e4rmen<\/li>\n<li> funktioniert ohne Wasser einzuf\u00fcllen<\/li>\n<li> Fleece-Bezug durch Klettverschluss abnehmbar: Maschinenw\u00e4sche bis 30 \u00b0C<\/li>\n<li> besonders empfehlenswert an kalten Tagen im Auto, zu Hause oder im Kleinstierstall<\/li>\n<li>Durchmesser: ca. 26 cm<\/li>\n<li>Farbe: schwarz\/wei\u00df<\/li>\n<\/ul>\n","protected":false},"excerpt":{"rendered":"<p>besonders empfehlenswert an kalten Tagen im Auto oder zu Hause auch f\u00fcr Jungtiere oder alte und kranke Tiere geeignet speichert die W\u00e4rme bis zu 8 Stunden einfach in der Mikrowelle zu erw\u00e4rmen funktioniert ohne Wasser einzuf\u00fcllen Fleece-Bezug durch Klettverschluss abnehmbar: Maschinenw\u00e4sche bis 30 \u00b0C besonders empfehlenswert an kalten Tagen im Auto, zu Hause oder im [&hellip;]<\/p>\n","protected":false},"featured_media":6165,"comment_status":"closed","ping_status":"open","template":"","meta":[],"product_cat":[15419],"product_tag":[],"class_list":{"0":"post-50508","1":"product","2":"type-product","3":"status-publish","4":"has-post-thumbnail","6":"product_cat-betten-haengematten-ausstattung-zubehoer-heizmatten-thermodeckenkleintierwelt-katzenbetten-katzenkoerbe-heizmatten-thermodeckenkatzenwelt-betten-koerbe","8":"first","9":"instock","10":"taxable","11":"shipping-taxable","12":"purchasable","13":"product-type-simple"},"_links":{"self":[{"href":"https:\/\/all-pets.de\/shop\/wp-json\/wp\/v2\/product\/50508","targetHints":{"allow":["GET"]}}],"collection":[{"href":"https:\/\/all-pets.de\/shop\/wp-json\/wp\/v2\/product"}],"about":[{"href":"https:\/\/all-pets.de\/shop\/wp-json\/wp\/v2\/types\/product"}],"replies":[{"embeddable":true,"href":"https:\/\/all-pets.de\/shop\/wp-json\/wp\/v2\/comments?post=50508"}],"wp:featuredmedia":[{"embeddable":true,"href":"https:\/\/all-pets.de\/shop\/wp-json\/wp\/v2\/media\/6165"}],"wp:attachment":[{"href":"https:\/\/all-pets.de\/shop\/wp-json\/wp\/v2\/media?parent=50508"}],"wp:term":[{"taxonomy":"product_cat","embeddable":true,"href":"https:\/\/all-pets.de\/shop\/wp-json\/wp\/v2\/product_cat?post=50508"},{"taxonomy":"product_tag","embeddable":true,"href":"https:\/\/all-pets.de\/shop\/wp-json\/wp\/v2\/product_tag?post=50508"}],"curies":[{"name":"wp","href":"https:\/\/api.w.org\/{rel}","templated":true}]}}