{"id":50513,"date":"2023-12-12T12:35:21","date_gmt":"2023-12-12T11:35:21","guid":{"rendered":"https:\/\/pet-shopping.de\/shop\/produkt\/trixie-be-nordic-napf-aus-melamin-und-edelstahl-weiss-04-l-o-17-cm\/"},"modified":"2023-12-12T12:35:27","modified_gmt":"2023-12-12T11:35:27","slug":"trixie-be-nordic-napf-aus-melamin-und-edelstahl-weiss-04-l-o-17-cm","status":"publish","type":"product","link":"https:\/\/all-pets.de\/shop\/produkt\/trixie-be-nordic-napf-aus-melamin-und-edelstahl-weiss-04-l-o-17-cm\/","title":{"rendered":"Trixie BE NORDIC Napf aus Melamin und Edelstahl &#8211; wei\u00df &#8211; 0,4 l\/\u00f8 17 cm"},"content":{"rendered":"<ul>\n<li>rutschfest durch Gummikante<\/li>\n<li>aus Melamin mit Edelstahl-Einsatz<\/li>\n<li>Farbe: wei\u00df<\/li>\n<li>Fassungsverm\u00f6gen: ca. 0,4 l<\/li>\n<li>Durchmesser: ca. 17 cm <\/li>\n<\/ul>\n<div class=\"infotextWrap\">Aus dem Verkauf der Serie unterst\u00fctzt TRIXIE Meeresschutzprojekte und leistet damit einen Beitrag zum Natur- und Artenschutz.<\/div>\n","protected":false},"excerpt":{"rendered":"<p>rutschfest durch Gummikante aus Melamin mit Edelstahl-Einsatz Farbe: wei\u00df Fassungsverm\u00f6gen: ca. 0,4 l Durchmesser: ca. 17 cm Aus dem Verkauf der Serie unterst\u00fctzt TRIXIE Meeresschutzprojekte und leistet damit einen Beitrag zum Natur- und Artenschutz.<\/p>\n","protected":false},"featured_media":50510,"comment_status":"closed","ping_status":"open","template":"","meta":[],"product_cat":[14136],"product_tag":[],"class_list":{"0":"post-50513","1":"product","2":"type-product","3":"status-publish","4":"has-post-thumbnail","6":"product_cat-futter-wassernaepfe-katzennaepfe-traenken-futter-wassernaepfekatzenwelt-hundenaepfe-traenken","8":"first","9":"instock","10":"taxable","11":"shipping-taxable","12":"purchasable","13":"product-type-simple"},"_links":{"self":[{"href":"https:\/\/all-pets.de\/shop\/wp-json\/wp\/v2\/product\/50513","targetHints":{"allow":["GET"]}}],"collection":[{"href":"https:\/\/all-pets.de\/shop\/wp-json\/wp\/v2\/product"}],"about":[{"href":"https:\/\/all-pets.de\/shop\/wp-json\/wp\/v2\/types\/product"}],"replies":[{"embeddable":true,"href":"https:\/\/all-pets.de\/shop\/wp-json\/wp\/v2\/comments?post=50513"}],"wp:featuredmedia":[{"embeddable":true,"href":"https:\/\/all-pets.de\/shop\/wp-json\/wp\/v2\/media\/50510"}],"wp:attachment":[{"href":"https:\/\/all-pets.de\/shop\/wp-json\/wp\/v2\/media?parent=50513"}],"wp:term":[{"taxonomy":"product_cat","embeddable":true,"href":"https:\/\/all-pets.de\/shop\/wp-json\/wp\/v2\/product_cat?post=50513"},{"taxonomy":"product_tag","embeddable":true,"href":"https:\/\/all-pets.de\/shop\/wp-json\/wp\/v2\/product_tag?post=50513"}],"curies":[{"name":"wp","href":"https:\/\/api.w.org\/{rel}","templated":true}]}}