{"id":50514,"date":"2023-12-12T12:35:21","date_gmt":"2023-12-12T11:35:21","guid":{"rendered":"https:\/\/pet-shopping.de\/shop\/produkt\/karlie-adresstube-goldfarben-gross\/"},"modified":"2023-12-12T12:35:27","modified_gmt":"2023-12-12T11:35:27","slug":"karlie-adresstube-goldfarben-gross","status":"publish","type":"product","link":"https:\/\/all-pets.de\/shop\/produkt\/karlie-adresstube-goldfarben-gross\/","title":{"rendered":"Karlie Adresstube &#8211; Goldfarben &#8211; Gro\u00df"},"content":{"rendered":"<p>Gr\u00f6\u00dfe: 26 mm<\/p>\n","protected":false},"excerpt":{"rendered":"<p>Gr\u00f6\u00dfe: 26 mm<\/p>\n","protected":false},"featured_media":6178,"comment_status":"closed","ping_status":"open","template":"","meta":[],"product_cat":[13684],"product_tag":[],"class_list":{"0":"post-50514","1":"product","2":"type-product","3":"status-publish","4":"has-post-thumbnail","6":"product_cat-katzenadressanhaenger-blinker","8":"first","9":"instock","10":"taxable","11":"shipping-taxable","12":"purchasable","13":"product-type-simple"},"_links":{"self":[{"href":"https:\/\/all-pets.de\/shop\/wp-json\/wp\/v2\/product\/50514","targetHints":{"allow":["GET"]}}],"collection":[{"href":"https:\/\/all-pets.de\/shop\/wp-json\/wp\/v2\/product"}],"about":[{"href":"https:\/\/all-pets.de\/shop\/wp-json\/wp\/v2\/types\/product"}],"replies":[{"embeddable":true,"href":"https:\/\/all-pets.de\/shop\/wp-json\/wp\/v2\/comments?post=50514"}],"wp:featuredmedia":[{"embeddable":true,"href":"https:\/\/all-pets.de\/shop\/wp-json\/wp\/v2\/media\/6178"}],"wp:attachment":[{"href":"https:\/\/all-pets.de\/shop\/wp-json\/wp\/v2\/media?parent=50514"}],"wp:term":[{"taxonomy":"product_cat","embeddable":true,"href":"https:\/\/all-pets.de\/shop\/wp-json\/wp\/v2\/product_cat?post=50514"},{"taxonomy":"product_tag","embeddable":true,"href":"https:\/\/all-pets.de\/shop\/wp-json\/wp\/v2\/product_tag?post=50514"}],"curies":[{"name":"wp","href":"https:\/\/api.w.org\/{rel}","templated":true}]}}