{"id":50516,"date":"2023-12-12T12:35:21","date_gmt":"2023-12-12T11:35:21","guid":{"rendered":"https:\/\/pet-shopping.de\/shop\/produkt\/karlie-doggy-pool-der-swimmingpool-fuer-hunde-rot-blau-80-cm\/"},"modified":"2023-12-12T12:35:27","modified_gmt":"2023-12-12T11:35:27","slug":"karlie-doggy-pool-der-swimmingpool-fuer-hunde-rot-blau-80-cm","status":"publish","type":"product","link":"https:\/\/all-pets.de\/shop\/produkt\/karlie-doggy-pool-der-swimmingpool-fuer-hunde-rot-blau-80-cm\/","title":{"rendered":"Karlie DOGGY POOL der Swimmingpool f\u00fcr Hunde &#8211; Rot-Blau &#8211; 80 cm"},"content":{"rendered":"<p>DOGGY POOL der Swimmingpool f\u00fcr Hunde <\/p>\n<p>Doggy Pool ist Ruckzuck in Sekundenschnelle auf- und abgebaut. Keine Luftpumpe n\u00f6tig. Kein atemraubendes Aufblasen. <\/p>\n<p>&#8211; Becken-Innenboden mit Anti-Rutsch <br \/> &#8211; Bei Nichtgebrauch platzsparend zusammenlegbar <br \/> &#8211; Besonders starkes und robustes Material &#8211; krallenbew\u00e4hrt <br \/> &#8211; Mit praktischem Wasser-Ablassventil <br \/> &#8211; Leicht und hygienisch zu reinigen <br \/> &#8211; Form auch rechteckig m\u00f6glich, speziell f\u00fcr Balkons oder Terrassen mit Mauerbr\u00fcstung. <\/p>\n<p>Gr\u00f6\u00dfe: 80 x 20 cm <br \/> Farbe: Rot-Blau<\/p>\n","protected":false},"excerpt":{"rendered":"<p>DOGGY POOL der Swimmingpool f\u00fcr Hunde Doggy Pool ist Ruckzuck in Sekundenschnelle auf- und abgebaut. Keine Luftpumpe n\u00f6tig. Kein atemraubendes Aufblasen. &#8211; Becken-Innenboden mit Anti-Rutsch &#8211; Bei Nichtgebrauch platzsparend zusammenlegbar &#8211; Besonders starkes und robustes Material &#8211; krallenbew\u00e4hrt &#8211; Mit praktischem Wasser-Ablassventil &#8211; Leicht und hygienisch zu reinigen &#8211; Form auch rechteckig m\u00f6glich, speziell f\u00fcr [&hellip;]<\/p>\n","protected":false},"featured_media":6190,"comment_status":"closed","ping_status":"open","template":"","meta":[],"product_cat":[15420],"product_tag":[],"class_list":{"0":"post-50516","1":"product","2":"type-product","3":"status-publish","4":"has-post-thumbnail","6":"product_cat-weitere-spielzeuge-hundespielzeug-sport-aqua-spielzeughundewelt-hundespielzeug-sport-swimmingpoolshundewelt","8":"first","9":"instock","10":"taxable","11":"shipping-taxable","12":"purchasable","13":"product-type-simple"},"_links":{"self":[{"href":"https:\/\/all-pets.de\/shop\/wp-json\/wp\/v2\/product\/50516","targetHints":{"allow":["GET"]}}],"collection":[{"href":"https:\/\/all-pets.de\/shop\/wp-json\/wp\/v2\/product"}],"about":[{"href":"https:\/\/all-pets.de\/shop\/wp-json\/wp\/v2\/types\/product"}],"replies":[{"embeddable":true,"href":"https:\/\/all-pets.de\/shop\/wp-json\/wp\/v2\/comments?post=50516"}],"wp:featuredmedia":[{"embeddable":true,"href":"https:\/\/all-pets.de\/shop\/wp-json\/wp\/v2\/media\/6190"}],"wp:attachment":[{"href":"https:\/\/all-pets.de\/shop\/wp-json\/wp\/v2\/media?parent=50516"}],"wp:term":[{"taxonomy":"product_cat","embeddable":true,"href":"https:\/\/all-pets.de\/shop\/wp-json\/wp\/v2\/product_cat?post=50516"},{"taxonomy":"product_tag","embeddable":true,"href":"https:\/\/all-pets.de\/shop\/wp-json\/wp\/v2\/product_tag?post=50516"}],"curies":[{"name":"wp","href":"https:\/\/api.w.org\/{rel}","templated":true}]}}