{"id":50525,"date":"2023-12-12T12:35:40","date_gmt":"2023-12-12T11:35:40","guid":{"rendered":"https:\/\/pet-shopping.de\/shop\/produkt\/karlie-holz-sitzecke-gross\/"},"modified":"2023-12-12T12:35:41","modified_gmt":"2023-12-12T11:35:41","slug":"karlie-holz-sitzecke-gross","status":"publish","type":"product","link":"https:\/\/all-pets.de\/shop\/produkt\/karlie-holz-sitzecke-gross\/","title":{"rendered":"Karlie Holz-Sitzecke &#8211; Gro\u00df"},"content":{"rendered":"<div>Sitzecke aus Naturholz f\u00fcr Nager. Befestigungsmaterial zum Befestigen am K\u00e4figgitter ist im Lieferumfang enthalten. <\/div>\n<div>\u00a0<\/div>\n<div>&#8211; Gr\u00f6\u00dfe: 22 x 22 x 1,8 cm<\/div>\n","protected":false},"excerpt":{"rendered":"<p>Sitzecke aus Naturholz f\u00fcr Nager. Befestigungsmaterial zum Befestigen am K\u00e4figgitter ist im Lieferumfang enthalten. \u00a0 &#8211; Gr\u00f6\u00dfe: 22 x 22 x 1,8 cm<\/p>\n","protected":false},"featured_media":6279,"comment_status":"closed","ping_status":"open","template":"","meta":[],"product_cat":[13723],"product_tag":[],"class_list":{"0":"post-50525","1":"product","2":"type-product","3":"status-publish","4":"has-post-thumbnail","6":"product_cat-sitzbretter-leitern","8":"first","9":"instock","10":"taxable","11":"shipping-taxable","12":"purchasable","13":"product-type-simple"},"_links":{"self":[{"href":"https:\/\/all-pets.de\/shop\/wp-json\/wp\/v2\/product\/50525","targetHints":{"allow":["GET"]}}],"collection":[{"href":"https:\/\/all-pets.de\/shop\/wp-json\/wp\/v2\/product"}],"about":[{"href":"https:\/\/all-pets.de\/shop\/wp-json\/wp\/v2\/types\/product"}],"replies":[{"embeddable":true,"href":"https:\/\/all-pets.de\/shop\/wp-json\/wp\/v2\/comments?post=50525"}],"wp:featuredmedia":[{"embeddable":true,"href":"https:\/\/all-pets.de\/shop\/wp-json\/wp\/v2\/media\/6279"}],"wp:attachment":[{"href":"https:\/\/all-pets.de\/shop\/wp-json\/wp\/v2\/media?parent=50525"}],"wp:term":[{"taxonomy":"product_cat","embeddable":true,"href":"https:\/\/all-pets.de\/shop\/wp-json\/wp\/v2\/product_cat?post=50525"},{"taxonomy":"product_tag","embeddable":true,"href":"https:\/\/all-pets.de\/shop\/wp-json\/wp\/v2\/product_tag?post=50525"}],"curies":[{"name":"wp","href":"https:\/\/api.w.org\/{rel}","templated":true}]}}