{"id":50526,"date":"2023-12-12T12:35:40","date_gmt":"2023-12-12T11:35:40","guid":{"rendered":"https:\/\/pet-shopping.de\/shop\/produkt\/karlie-holz-sitzecke-klein\/"},"modified":"2023-12-12T12:35:41","modified_gmt":"2023-12-12T11:35:41","slug":"karlie-holz-sitzecke-klein","status":"publish","type":"product","link":"https:\/\/all-pets.de\/shop\/produkt\/karlie-holz-sitzecke-klein\/","title":{"rendered":"Karlie Holz-Sitzecke &#8211; Klein"},"content":{"rendered":"<p>Sitzecke aus Naturholz f\u00fcr Nager. Befestigungsmaterial zum Befestigen am K\u00e4figgitter ist im Lieferumfang enthalten. <\/p>\n<p> &#8211; Gr\u00f6\u00dfe: 14 x 14 x 1,8 cm<\/p>\n","protected":false},"excerpt":{"rendered":"<p>Sitzecke aus Naturholz f\u00fcr Nager. Befestigungsmaterial zum Befestigen am K\u00e4figgitter ist im Lieferumfang enthalten. &#8211; Gr\u00f6\u00dfe: 14 x 14 x 1,8 cm<\/p>\n","protected":false},"featured_media":6281,"comment_status":"closed","ping_status":"open","template":"","meta":[],"product_cat":[13723],"product_tag":[],"class_list":{"0":"post-50526","1":"product","2":"type-product","3":"status-publish","4":"has-post-thumbnail","6":"product_cat-sitzbretter-leitern","8":"first","9":"instock","10":"taxable","11":"shipping-taxable","12":"purchasable","13":"product-type-simple"},"_links":{"self":[{"href":"https:\/\/all-pets.de\/shop\/wp-json\/wp\/v2\/product\/50526","targetHints":{"allow":["GET"]}}],"collection":[{"href":"https:\/\/all-pets.de\/shop\/wp-json\/wp\/v2\/product"}],"about":[{"href":"https:\/\/all-pets.de\/shop\/wp-json\/wp\/v2\/types\/product"}],"replies":[{"embeddable":true,"href":"https:\/\/all-pets.de\/shop\/wp-json\/wp\/v2\/comments?post=50526"}],"wp:featuredmedia":[{"embeddable":true,"href":"https:\/\/all-pets.de\/shop\/wp-json\/wp\/v2\/media\/6281"}],"wp:attachment":[{"href":"https:\/\/all-pets.de\/shop\/wp-json\/wp\/v2\/media?parent=50526"}],"wp:term":[{"taxonomy":"product_cat","embeddable":true,"href":"https:\/\/all-pets.de\/shop\/wp-json\/wp\/v2\/product_cat?post=50526"},{"taxonomy":"product_tag","embeddable":true,"href":"https:\/\/all-pets.de\/shop\/wp-json\/wp\/v2\/product_tag?post=50526"}],"curies":[{"name":"wp","href":"https:\/\/api.w.org\/{rel}","templated":true}]}}