{"id":50528,"date":"2023-12-12T12:35:40","date_gmt":"2023-12-12T11:35:40","guid":{"rendered":"https:\/\/pet-shopping.de\/shop\/produkt\/karlie-mehrzweckschaufel-klein\/"},"modified":"2023-12-12T12:35:41","modified_gmt":"2023-12-12T11:35:41","slug":"karlie-mehrzweckschaufel-klein","status":"publish","type":"product","link":"https:\/\/all-pets.de\/shop\/produkt\/karlie-mehrzweckschaufel-klein\/","title":{"rendered":"Karlie Mehrzweckschaufel &#8211; Klein"},"content":{"rendered":"<div>Mehrzweckschaufel, die sich ideal sowohl f\u00fcr Futter, als auch f\u00fcr Einstreu eignet.<\/p>\n<\/div>\n<div>Fassungsverm\u00f6gen der Schaufel: 275 ml<\/div>\n<div>\u00a0<\/div>\n<div> Eine Farbwahl f\u00fcr die Mehrzweckschaufel Ihrerseits ist zu unserem Bedauern leider nicht m\u00f6glich, da die Farbe automatisch je nach Lagerbestand ausgew\u00e4hlt wird.<\/div>\n","protected":false},"excerpt":{"rendered":"<p>Mehrzweckschaufel, die sich ideal sowohl f\u00fcr Futter, als auch f\u00fcr Einstreu eignet. Fassungsverm\u00f6gen der Schaufel: 275 ml \u00a0 Eine Farbwahl f\u00fcr die Mehrzweckschaufel Ihrerseits ist zu unserem Bedauern leider nicht m\u00f6glich, da die Farbe automatisch je nach Lagerbestand ausgew\u00e4hlt wird.<\/p>\n","protected":false},"featured_media":6296,"comment_status":"closed","ping_status":"open","template":"","meta":[],"product_cat":[14219],"product_tag":[],"class_list":{"0":"post-50528","1":"product","2":"type-product","3":"status-publish","4":"has-post-thumbnail","6":"product_cat-toiletten-zubehoer","8":"first","9":"instock","10":"taxable","11":"shipping-taxable","12":"purchasable","13":"product-type-simple"},"_links":{"self":[{"href":"https:\/\/all-pets.de\/shop\/wp-json\/wp\/v2\/product\/50528","targetHints":{"allow":["GET"]}}],"collection":[{"href":"https:\/\/all-pets.de\/shop\/wp-json\/wp\/v2\/product"}],"about":[{"href":"https:\/\/all-pets.de\/shop\/wp-json\/wp\/v2\/types\/product"}],"replies":[{"embeddable":true,"href":"https:\/\/all-pets.de\/shop\/wp-json\/wp\/v2\/comments?post=50528"}],"wp:featuredmedia":[{"embeddable":true,"href":"https:\/\/all-pets.de\/shop\/wp-json\/wp\/v2\/media\/6296"}],"wp:attachment":[{"href":"https:\/\/all-pets.de\/shop\/wp-json\/wp\/v2\/media?parent=50528"}],"wp:term":[{"taxonomy":"product_cat","embeddable":true,"href":"https:\/\/all-pets.de\/shop\/wp-json\/wp\/v2\/product_cat?post=50528"},{"taxonomy":"product_tag","embeddable":true,"href":"https:\/\/all-pets.de\/shop\/wp-json\/wp\/v2\/product_tag?post=50528"}],"curies":[{"name":"wp","href":"https:\/\/api.w.org\/{rel}","templated":true}]}}