{"id":50531,"date":"2023-12-12T12:35:40","date_gmt":"2023-12-12T11:35:40","guid":{"rendered":"https:\/\/pet-shopping.de\/shop\/produkt\/karlie-naturholzhaus-mit-leiter-gross\/"},"modified":"2023-12-12T12:35:41","modified_gmt":"2023-12-12T11:35:41","slug":"karlie-naturholzhaus-mit-leiter-gross","status":"publish","type":"product","link":"https:\/\/all-pets.de\/shop\/produkt\/karlie-naturholzhaus-mit-leiter-gross\/","title":{"rendered":"Karlie Naturholzhaus mit Leiter &#8211; Gro\u00df"},"content":{"rendered":"<p>&#8211; Gr\u00f6\u00dfe: 54 x 23 x 20 cm<br \/> &#8211; Aus Echtholz<\/p>\n","protected":false},"excerpt":{"rendered":"<p>&#8211; Gr\u00f6\u00dfe: 54 x 23 x 20 cm &#8211; Aus Echtholz<\/p>\n","protected":false},"featured_media":6306,"comment_status":"closed","ping_status":"open","template":"","meta":[],"product_cat":[13693],"product_tag":[],"class_list":{"0":"post-50531","1":"product","2":"type-product","3":"status-publish","4":"has-post-thumbnail","6":"product_cat-holzhaeuser","8":"first","9":"instock","10":"taxable","11":"shipping-taxable","12":"purchasable","13":"product-type-simple"},"_links":{"self":[{"href":"https:\/\/all-pets.de\/shop\/wp-json\/wp\/v2\/product\/50531","targetHints":{"allow":["GET"]}}],"collection":[{"href":"https:\/\/all-pets.de\/shop\/wp-json\/wp\/v2\/product"}],"about":[{"href":"https:\/\/all-pets.de\/shop\/wp-json\/wp\/v2\/types\/product"}],"replies":[{"embeddable":true,"href":"https:\/\/all-pets.de\/shop\/wp-json\/wp\/v2\/comments?post=50531"}],"wp:featuredmedia":[{"embeddable":true,"href":"https:\/\/all-pets.de\/shop\/wp-json\/wp\/v2\/media\/6306"}],"wp:attachment":[{"href":"https:\/\/all-pets.de\/shop\/wp-json\/wp\/v2\/media?parent=50531"}],"wp:term":[{"taxonomy":"product_cat","embeddable":true,"href":"https:\/\/all-pets.de\/shop\/wp-json\/wp\/v2\/product_cat?post=50531"},{"taxonomy":"product_tag","embeddable":true,"href":"https:\/\/all-pets.de\/shop\/wp-json\/wp\/v2\/product_tag?post=50531"}],"curies":[{"name":"wp","href":"https:\/\/api.w.org\/{rel}","templated":true}]}}