{"id":50540,"date":"2023-12-12T12:35:43","date_gmt":"2023-12-12T11:35:43","guid":{"rendered":"https:\/\/pet-shopping.de\/shop\/produkt\/karlie-streuloeffel-grob\/"},"modified":"2023-12-12T12:35:44","modified_gmt":"2023-12-12T11:35:44","slug":"karlie-streuloeffel-grob","status":"publish","type":"product","link":"https:\/\/all-pets.de\/shop\/produkt\/karlie-streuloeffel-grob\/","title":{"rendered":"Karlie Streul\u00f6ffel &#8211; Grob"},"content":{"rendered":"<div>Grober Streul\u00f6ffel aus Kunststoff zum Reinigen des Katzenklos.<\/div>\n<div>\u00a0<\/div>\n<div>Ma\u00dfe des Streul\u00f6ffels:<\/div>\n<div>26,5 x 10 x 4 cm<\/div>\n<div>\u00a0<\/div>\n<p>Eine Farbwahl f\u00fcr den L\u00f6ffel Ihrerseits ist zu unserem Bedauern leider nicht m\u00f6glich, da die Farbe automatisch je nach Lagerbestand ausgew\u00e4hlt wird.<\/p>\n","protected":false},"excerpt":{"rendered":"<p>Grober Streul\u00f6ffel aus Kunststoff zum Reinigen des Katzenklos. \u00a0 Ma\u00dfe des Streul\u00f6ffels: 26,5 x 10 x 4 cm \u00a0 Eine Farbwahl f\u00fcr den L\u00f6ffel Ihrerseits ist zu unserem Bedauern leider nicht m\u00f6glich, da die Farbe automatisch je nach Lagerbestand ausgew\u00e4hlt wird.<\/p>\n","protected":false},"featured_media":6363,"comment_status":"closed","ping_status":"open","template":"","meta":[],"product_cat":[14219],"product_tag":[],"class_list":{"0":"post-50540","1":"product","2":"type-product","3":"status-publish","4":"has-post-thumbnail","6":"product_cat-toiletten-zubehoer","8":"first","9":"instock","10":"taxable","11":"shipping-taxable","12":"purchasable","13":"product-type-simple"},"_links":{"self":[{"href":"https:\/\/all-pets.de\/shop\/wp-json\/wp\/v2\/product\/50540","targetHints":{"allow":["GET"]}}],"collection":[{"href":"https:\/\/all-pets.de\/shop\/wp-json\/wp\/v2\/product"}],"about":[{"href":"https:\/\/all-pets.de\/shop\/wp-json\/wp\/v2\/types\/product"}],"replies":[{"embeddable":true,"href":"https:\/\/all-pets.de\/shop\/wp-json\/wp\/v2\/comments?post=50540"}],"wp:featuredmedia":[{"embeddable":true,"href":"https:\/\/all-pets.de\/shop\/wp-json\/wp\/v2\/media\/6363"}],"wp:attachment":[{"href":"https:\/\/all-pets.de\/shop\/wp-json\/wp\/v2\/media?parent=50540"}],"wp:term":[{"taxonomy":"product_cat","embeddable":true,"href":"https:\/\/all-pets.de\/shop\/wp-json\/wp\/v2\/product_cat?post=50540"},{"taxonomy":"product_tag","embeddable":true,"href":"https:\/\/all-pets.de\/shop\/wp-json\/wp\/v2\/product_tag?post=50540"}],"curies":[{"name":"wp","href":"https:\/\/api.w.org\/{rel}","templated":true}]}}